{"id":1458,"date":"2023-06-16T07:50:45","date_gmt":"2023-06-16T07:50:45","guid":{"rendered":"https:\/\/sultantourism.com\/?page_id=1458"},"modified":"2024-05-22T22:22:28","modified_gmt":"2024-05-22T18:22:28","slug":"buggy-rentals-2","status":"publish","type":"page","link":"https:\/\/sultantourism.com\/de\/buggy-rentals-2\/","title":{"rendered":"Buggy-Vermietung"},"content":{"rendered":"<p>Buggy-Vermietung  <\/p>\n<h2>\n               Erkunden Sie die W\u00fcste von Dubai<br \/>\n            <\/h2>\n<p>                     Erkunden Sie den ultimativen W\u00fcstenspa\u00df mit Buggy-Touren f\u00fcr das echte Abenteuer.<br \/>\n         ANGEBOT  <\/p>\n<h2>\n               4-SITZER-KANU-BUGGY-TOUR<br \/>\n            <\/h2>\n<style>\/*! elementor - v3.16.0 - 20-09-2023 *\/\n.elementor-widget-image{text-align:center}.elementor-widget-image a{display:inline-block}.elementor-widget-image a img[src$=\".svg\"]{width:48px}.elementor-widget-image img{vertical-align:middle;display:inline-block}<\/style>\n<p>\t\t\t\t\t\t\t\t\t\t\t\t<img loading=\"lazy\" decoding=\"async\" width=\"480\" height=\"81\" src=\"https:\/\/sultantourism.com\/wp-content\/uploads\/2023\/05\/zigzag-line.gif\" alt=\"\" \/><br \/>\n      Saver<\/p>\n<h3>\n            Regul\u00e4rer Preis:1100 AED<br \/>\n         <\/h3>\n<p>            AED<br \/>\n            999<\/p>\n<ul>\n<li>\n                  30 MINUTEN F\u00dcHRUNG\n               <\/li>\n<\/ul>\n<p>\t\t\t<a href=\"https:\/\/sultantourism.com\/de\/produkt\/4-seater-canam-buggy-tour\/\"><br \/>\n\t\t\t\t\t\tJetzt buchen<br \/>\n\t\t\t\t\t<\/a><br \/>\n\t\t\t<a href=\"https:\/\/wa.me\/p\/6355516121180715\/971551800860\"><br \/>\n\t\t\t\t\t\tWhatsApp<br \/>\n\t\t\t\t\t<\/a><br \/>\n         ANGEBOT  <\/p>\n<h2>\n               4-SITZER-KANU-BUGGY-TOUR<br \/>\n            <\/h2>\n<p>\t\t\t\t\t\t\t\t\t\t\t\t<img loading=\"lazy\" decoding=\"async\" width=\"480\" height=\"81\" src=\"https:\/\/sultantourism.com\/wp-content\/uploads\/2023\/05\/zigzag-line.gif\" alt=\"\" \/><br \/>\n      Saver<\/p>\n<h3>\n            Regul\u00e4rer Preis:1700 AED<br \/>\n         <\/h3>\n<p>            AED<br \/>\n            1690<\/p>\n<ul>\n<li>\n                  1 STUNDE TOUR\n               <\/li>\n<\/ul>\n<p>\t\t\t<a href=\"https:\/\/sultantourism.com\/de\/produkt\/4-seater-canam-buggy-tour-2\/\"><br \/>\n\t\t\t\t\t\tJetzt buchen<br \/>\n\t\t\t\t\t<\/a><br \/>\n\t\t\t<a href=\"https:\/\/wa.me\/p\/6253135871441457\/971551800860\"><br \/>\n\t\t\t\t\t\tWhatsApp<br \/>\n\t\t\t\t\t<\/a><br \/>\n         ANGEBOT  <\/p>\n<h2>\n               CAN-AM BUGGY TOUR<br \/>\n            <\/h2>\n<p>\t\t\t\t\t\t\t\t\t\t\t\t<img loading=\"lazy\" decoding=\"async\" width=\"480\" height=\"81\" src=\"https:\/\/sultantourism.com\/wp-content\/uploads\/2023\/05\/zigzag-line.gif\" alt=\"\" \/><br \/>\n      15% speichern<\/p>\n<h3>\n            Regul\u00e4rer Preis:1400 AED<br \/>\n         <\/h3>\n<p>            AED<br \/>\n            1399<\/p>\n<ul>\n<li>\n                  1 STUNDE TOUR\n               <\/li>\n<\/ul>\n<p>\t\t\t<a href=\"https:\/\/sultantourism.com\/de\/produkt\/can-am-buggy-tour\/\"><br \/>\n\t\t\t\t\t\tJetzt buchen<br \/>\n\t\t\t\t\t<\/a><br \/>\n\t\t\t<a href=\"https:\/\/wa.me\/p\/6272403816182075\/971551800860\"><br \/>\n\t\t\t\t\t\tWhatsApp<br \/>\n\t\t\t\t\t<\/a><br \/>\n         ANGEBOT  <\/p>\n<h2>\n               CAN-AM BUGGY TOUR<br \/>\n            <\/h2>\n<p>\t\t\t\t\t\t\t\t\t\t\t\t<img loading=\"lazy\" decoding=\"async\" width=\"480\" height=\"81\" src=\"https:\/\/sultantourism.com\/wp-content\/uploads\/2023\/05\/zigzag-line.gif\" alt=\"\" \/><br \/>\n      Saver<\/p>\n<h3>\n            Regul\u00e4rer Preis:990 AED<br \/>\n         <\/h3>\n<p>            AED<br \/>\n            850<\/p>\n<ul>\n<li>\n                  30 MINUTEN F\u00dcHRUNG\n               <\/li>\n<\/ul>\n<p>\t\t\t<a href=\"https:\/\/sultantourism.com\/de\/produkt\/can-am-buggy-tour-2\/\"><br \/>\n\t\t\t\t\t\tJetzt buchen<br \/>\n\t\t\t\t\t<\/a><br \/>\n\t\t\t<a href=\"https:\/\/wa.me\/p\/6511781158861074\/971551800860\"><br \/>\n\t\t\t\t\t\tWhatsApp<br \/>\n\t\t\t\t\t<\/a><br \/>\n         ANGEBOT  <\/p>\n<h2>\n               D\u00dcNENBUGGY-TOUR<br \/>\n            <\/h2>\n<p>\t\t\t\t\t\t\t\t\t\t\t\t<img loading=\"lazy\" decoding=\"async\" width=\"480\" height=\"81\" src=\"https:\/\/sultantourism.com\/wp-content\/uploads\/2023\/05\/zigzag-line.gif\" alt=\"\" \/><br \/>\n      Saver<\/p>\n<h3>\n            Regul\u00e4rer Preis:999 AED<br \/>\n         <\/h3>\n<p>            AED<br \/>\n            900<\/p>\n<ul>\n<li>\n                  1 STUNDE TOUR\n               <\/li>\n<\/ul>\n<p>\t\t\t<a href=\"https:\/\/sultantourism.com\/de\/produkt\/dune-buggy-tour\/\"><br \/>\n\t\t\t\t\t\tJetzt buchen<br \/>\n\t\t\t\t\t<\/a><br \/>\n\t\t\t<a href=\"https:\/\/wa.me\/p\/6675678002464307\/971551800860\"><br \/>\n\t\t\t\t\t\tWhatsApp<br \/>\n\t\t\t\t\t<\/a><br \/>\n         ANGEBOT  <\/p>\n<h2>\n               4-SITZER-BUGGY-TOUR<br \/>\n            <\/h2>\n<p>\t\t\t\t\t\t\t\t\t\t\t\t<img loading=\"lazy\" decoding=\"async\" width=\"480\" height=\"81\" src=\"https:\/\/sultantourism.com\/wp-content\/uploads\/2023\/05\/zigzag-line.gif\" alt=\"\" \/><br \/>\n      Saver<\/p>\n<h3>\n            Regul\u00e4rer Preis:1390 AED<br \/>\n         <\/h3>\n<p>            AED<br \/>\n            1390<\/p>\n<ul>\n<li>\n                  2 STUNDEN TOUR\n               <\/li>\n<\/ul>\n<p>\t\t\t<a href=\"https:\/\/sultantourism.com\/de\/produkt\/4-seater-buggy-tour\/\"><br \/>\n\t\t\t\t\t\tJetzt buchen<br \/>\n\t\t\t\t\t<\/a><br \/>\n\t\t\t<a href=\"https:\/\/wa.me\/p\/9754556124562461\/971551800860\"><br \/>\n\t\t\t\t\t\tWhatsApp<br \/>\n\t\t\t\t\t<\/a><br \/>\n         ANGEBOT  <\/p>\n<h2>\n               4-SITZER-BUGGY-TOUR<br \/>\n            <\/h2>\n<p>\t\t\t\t\t\t\t\t\t\t\t\t<img loading=\"lazy\" decoding=\"async\" width=\"480\" height=\"81\" src=\"https:\/\/sultantourism.com\/wp-content\/uploads\/2023\/05\/zigzag-line.gif\" alt=\"\" \/><br \/>\n      Saver<\/p>\n<h3>\n            Regul\u00e4rer Preis:990 AED<br \/>\n         <\/h3>\n<p>            AED<br \/>\n            990<\/p>\n<ul>\n<li>\n                  1 STUNDE TOUR\n               <\/li>\n<\/ul>\n<p>\t\t\t<a href=\"https:\/\/sultantourism.com\/de\/produkt\/4-seater-buggy-tour-2\/\"><br \/>\n\t\t\t\t\t\tJetzt buchen<br \/>\n\t\t\t\t\t<\/a><br \/>\n\t\t\t<a href=\"https:\/\/wa.me\/p\/6278826968872920\/971551800860\"><br \/>\n\t\t\t\t\t\tWhatsApp<br \/>\n\t\t\t\t\t<\/a><br \/>\n         ANGEBOT  <\/p>\n<h2>\n               4-SITZER-BUGGY-TOUR<br \/>\n            <\/h2>\n<p>\t\t\t\t\t\t\t\t\t\t\t\t<img loading=\"lazy\" decoding=\"async\" width=\"480\" height=\"81\" src=\"https:\/\/sultantourism.com\/wp-content\/uploads\/2023\/05\/zigzag-line.gif\" alt=\"\" \/><br \/>\n      Saver<\/p>\n<h3>\n            Regul\u00e4rer Preis:999 AED<br \/>\n         <\/h3>\n<p>            AED<br \/>\n            650<\/p>\n<ul>\n<li>\n                  30 MINUTEN F\u00dcHRUNG\n               <\/li>\n<\/ul>\n<p>\t\t\t<a href=\"https:\/\/sultantourism.com\/de\/produkt\/4-seater-buggy-tour-3\/\"><br \/>\n\t\t\t\t\t\tJetzt buchen<br \/>\n\t\t\t\t\t<\/a><br \/>\n\t\t\t<a href=\"https:\/\/wa.me\/p\/5770851549682108\/971551800860\"><br \/>\n\t\t\t\t\t\tWhatsApp<br \/>\n\t\t\t\t\t<\/a><br \/>\n         ANGEBOT  <\/p>\n<h2>\n               D\u00dcNENBUGGY-TOUR<br \/>\n            <\/h2>\n<p>\t\t\t\t\t\t\t\t\t\t\t\t<img loading=\"lazy\" decoding=\"async\" width=\"480\" height=\"81\" src=\"https:\/\/sultantourism.com\/wp-content\/uploads\/2023\/05\/zigzag-line.gif\" alt=\"\" \/><br \/>\n      Saver<\/p>\n<h3>\n            Regul\u00e4rer Preis:1390 AED<br \/>\n         <\/h3>\n<p>            AED<br \/>\n            1290<\/p>\n<ul>\n<li>\n                  2 STUNDEN TOUR\n               <\/li>\n<\/ul>\n<p>\t\t\t<a href=\"https:\/\/sultantourism.com\/de\/produkt\/dune-buggy-tour-2\/\"><br \/>\n\t\t\t\t\t\tJetzt buchen<br \/>\n\t\t\t\t\t<\/a><br \/>\n\t\t\t<a href=\"https:\/\/wa.me\/p\/6352371528150864\/971551800860\"><br \/>\n\t\t\t\t\t\tWhatsApp<br \/>\n\t\t\t\t\t<\/a><br \/>\n         ANGEBOT  <\/p>\n<h2>\n               QUICK ADVENTURE 2-SITZER BUGGY TOUR<br \/>\n            <\/h2>\n<p>\t\t\t\t\t\t\t\t\t\t\t\t<img loading=\"lazy\" decoding=\"async\" width=\"480\" height=\"81\" src=\"https:\/\/sultantourism.com\/wp-content\/uploads\/2023\/05\/zigzag-line.gif\" alt=\"\" \/><br \/>\n      Saver<\/p>\n<h3>\n            Regul\u00e4rer Preis:699 AED<br \/>\n         <\/h3>\n<p>            AED<br \/>\n            599<\/p>\n<ul>\n<li>\n                  1 STUNDE TOUR\n               <\/li>\n<\/ul>\n<p>\t\t\t<a href=\"https:\/\/sultantourism.com\/de\/produkt\/quick-adventure-2-seater-buggy-tour\/\"><br \/>\n\t\t\t\t\t\tJetzt buchen<br \/>\n\t\t\t\t\t<\/a><br \/>\n\t\t\t<a href=\"https:\/\/wa.me\/p\/6251924331588028\/971551800860\"><br \/>\n\t\t\t\t\t\tWhatsApp<br \/>\n\t\t\t\t\t<\/a><br \/>\n         ANGEBOT  <\/p>\n<h2>\n               POLARIS RS1 BUGGY TOUR<br \/>\n            <\/h2>\n<p>\t\t\t\t\t\t\t\t\t\t\t\t<img loading=\"lazy\" decoding=\"async\" width=\"480\" height=\"81\" src=\"https:\/\/sultantourism.com\/wp-content\/uploads\/2023\/05\/zigzag-line.gif\" alt=\"\" \/><br \/>\n      Saver<\/p>\n<h3>\n            Regul\u00e4rer Preis:1190 AED<br \/>\n         <\/h3>\n<p>            AED<br \/>\n            1090<\/p>\n<ul>\n<li>\n                  2 STUNDEN TOUR\n               <\/li>\n<\/ul>\n<p>\t\t\t<a href=\"https:\/\/sultantourism.com\/de\/produkt\/polaris-rs1-buggy-tour\/\"><br \/>\n\t\t\t\t\t\tJetzt buchen<br \/>\n\t\t\t\t\t<\/a><br \/>\n\t\t\t<a href=\"https:\/\/wa.me\/p\/6405964542780103\/971551800860\"><br \/>\n\t\t\t\t\t\tWhatsApp<br \/>\n\t\t\t\t\t<\/a><br \/>\n         ANGEBOT  <\/p>\n<h2>\n               POLARIS RS1 BUGGY TOUR<br \/>\n            <\/h2>\n<p>\t\t\t\t\t\t\t\t\t\t\t\t<img loading=\"lazy\" decoding=\"async\" width=\"480\" height=\"81\" src=\"https:\/\/sultantourism.com\/wp-content\/uploads\/2023\/05\/zigzag-line.gif\" alt=\"\" \/><br \/>\n      Saver<\/p>\n<h3>\n            Regul\u00e4rer Preis:690 AED<br \/>\n         <\/h3>\n<p>            AED<br \/>\n            690<\/p>\n<ul>\n<li>\n                  1 STUNDE TOUR\n               <\/li>\n<\/ul>\n<p>\t\t\t<a href=\"https:\/\/sultantourism.com\/de\/produkt\/polaris-rs1-buggy-tour-2\/\"><br \/>\n\t\t\t\t\t\tJetzt buchen<br \/>\n\t\t\t\t\t<\/a><br \/>\n\t\t\t<a href=\"https:\/\/wa.me\/p\/5808744989240669\/971551800860\"><br \/>\n\t\t\t\t\t\tWhatsApp<br \/>\n\t\t\t\t\t<\/a><br \/>\n         ANGEBOT  <\/p>\n<h2>\n               1-SITZER-POLARIS-BUGGY-DUBAI-TOUR<br \/>\n            <\/h2>\n<p>\t\t\t\t\t\t\t\t\t\t\t\t<img loading=\"lazy\" decoding=\"async\" width=\"480\" height=\"81\" src=\"https:\/\/sultantourism.com\/wp-content\/uploads\/2023\/05\/zigzag-line.gif\" alt=\"\" \/><br \/>\n      Saver<\/p>\n<h3>\n            Regul\u00e4rer Preis:590 AED<br \/>\n         <\/h3>\n<p>            AED<br \/>\n            490<\/p>\n<ul>\n<li>\n                  1 STUNDE TOUR\n               <\/li>\n<\/ul>\n<p>\t\t\t<a href=\"https:\/\/sultantourism.com\/de\/produkt\/1-seater-polaris-buggy-dubai-tour\/\"><br \/>\n\t\t\t\t\t\tJetzt buchen<br \/>\n\t\t\t\t\t<\/a><br \/>\n\t\t\t<a href=\"https:\/\/wa.me\/p\/6358068947606357\/971551800860\"><br \/>\n\t\t\t\t\t\tWhatsApp<br \/>\n\t\t\t\t\t<\/a><\/p>\n<style>\/*! elementor - v3.16.0 - 20-09-2023 *\/\n.elementor-widget-divider{--divider-border-style:none;--divider-border-width:1px;--divider-color:#0c0d0e;--divider-icon-size:20px;--divider-element-spacing:10px;--divider-pattern-height:24px;--divider-pattern-size:20px;--divider-pattern-url:none;--divider-pattern-repeat:repeat-x}.elementor-widget-divider .elementor-divider{display:flex}.elementor-widget-divider .elementor-divider__text{font-size:15px;line-height:1;max-width:95%}.elementor-widget-divider .elementor-divider__element{margin:0 var(--divider-element-spacing);flex-shrink:0}.elementor-widget-divider .elementor-icon{font-size:var(--divider-icon-size)}.elementor-widget-divider .elementor-divider-separator{display:flex;margin:0;direction:ltr}.elementor-widget-divider--view-line_icon .elementor-divider-separator,.elementor-widget-divider--view-line_text .elementor-divider-separator{align-items:center}.elementor-widget-divider--view-line_icon .elementor-divider-separator:after,.elementor-widget-divider--view-line_icon .elementor-divider-separator:before,.elementor-widget-divider--view-line_text .elementor-divider-separator:after,.elementor-widget-divider--view-line_text .elementor-divider-separator:before{display:block;content:\"\";border-bottom:0;flex-grow:1;border-top:var(--divider-border-width) var(--divider-border-style) var(--divider-color)}.elementor-widget-divider--element-align-left .elementor-divider .elementor-divider-separator>.elementor-divider__svg:first-of-type{flex-grow:0;flex-shrink:100}.elementor-widget-divider--element-align-left .elementor-divider-separator:before{content:none}.elementor-widget-divider--element-align-left .elementor-divider__element{margin-left:0}.elementor-widget-divider--element-align-right .elementor-divider .elementor-divider-separator>.elementor-divider__svg:last-of-type{flex-grow:0;flex-shrink:100}.elementor-widget-divider--element-align-right .elementor-divider-separator:after{content:none}.elementor-widget-divider--element-align-right .elementor-divider__element{margin-right:0}.elementor-widget-divider:not(.elementor-widget-divider--view-line_text):not(.elementor-widget-divider--view-line_icon) .elementor-divider-separator{border-top:var(--divider-border-width) var(--divider-border-style) var(--divider-color)}.elementor-widget-divider--separator-type-pattern{--divider-border-style:none}.elementor-widget-divider--separator-type-pattern.elementor-widget-divider--view-line .elementor-divider-separator,.elementor-widget-divider--separator-type-pattern:not(.elementor-widget-divider--view-line) .elementor-divider-separator:after,.elementor-widget-divider--separator-type-pattern:not(.elementor-widget-divider--view-line) .elementor-divider-separator:before,.elementor-widget-divider--separator-type-pattern:not([class*=elementor-widget-divider--view]) .elementor-divider-separator{width:100%;min-height:var(--divider-pattern-height);-webkit-mask-size:var(--divider-pattern-size) 100%;mask-size:var(--divider-pattern-size) 100%;-webkit-mask-repeat:var(--divider-pattern-repeat);mask-repeat:var(--divider-pattern-repeat);background-color:var(--divider-color);-webkit-mask-image:var(--divider-pattern-url);mask-image:var(--divider-pattern-url)}.elementor-widget-divider--no-spacing{--divider-pattern-size:auto}.elementor-widget-divider--bg-round{--divider-pattern-repeat:round}.rtl .elementor-widget-divider .elementor-divider__text{direction:rtl}.e-con-inner>.elementor-widget-divider,.e-con>.elementor-widget-divider{width:var(--container-widget-width,100%);--flex-grow:var(--container-widget-flex-grow)}<\/style>","protected":false},"excerpt":{"rendered":"<p>Buggy Rentals Explore the Desert of Dubai Explore The Ultimate Desert Fun With Buggy Tours For The Real Adventure. OFFER 4 SEATER CANAM BUGGY TOUR Saver Regular Price:1100 AED AED 999 30 MINUTES TOUR Book Now WhatsApp OFFER 4 SEATER CANAM BUGGY TOUR Saver Regular Price:1700 AED AED 1690 1 HOUR TOUR Book Now WhatsApp [&hellip;]<\/p>","protected":false},"author":6,"featured_media":0,"parent":0,"menu_order":0,"comment_status":"closed","ping_status":"closed","template":"","meta":{"footnotes":""},"class_list":["post-1458","page","type-page","status-publish","hentry"],"_links":{"self":[{"href":"https:\/\/sultantourism.com\/de\/wp-json\/wp\/v2\/pages\/1458","targetHints":{"allow":["GET"]}}],"collection":[{"href":"https:\/\/sultantourism.com\/de\/wp-json\/wp\/v2\/pages"}],"about":[{"href":"https:\/\/sultantourism.com\/de\/wp-json\/wp\/v2\/types\/page"}],"author":[{"embeddable":true,"href":"https:\/\/sultantourism.com\/de\/wp-json\/wp\/v2\/users\/6"}],"replies":[{"embeddable":true,"href":"https:\/\/sultantourism.com\/de\/wp-json\/wp\/v2\/comments?post=1458"}],"version-history":[{"count":0,"href":"https:\/\/sultantourism.com\/de\/wp-json\/wp\/v2\/pages\/1458\/revisions"}],"wp:attachment":[{"href":"https:\/\/sultantourism.com\/de\/wp-json\/wp\/v2\/media?parent=1458"}],"curies":[{"name":"wp","href":"https:\/\/api.w.org\/{rel}","templated":true}]}}