{"id":3,"date":"2023-05-24T11:43:06","date_gmt":"2023-05-24T11:43:06","guid":{"rendered":"https:\/\/sultantourism.com\/?page_id=3"},"modified":"2023-05-29T08:42:21","modified_gmt":"2023-05-29T08:42:21","slug":"privacy-policy","status":"publish","type":"page","link":"https:\/\/sultantourism.com\/de\/privacy-policy\/","title":{"rendered":"Datenschutzbestimmungen"},"content":{"rendered":"<div data-elementor-type=\"wp-page\" data-elementor-id=\"3\" class=\"elementor elementor-3\" data-elementor-post-type=\"page\">\n\t\t\t\t\t\t<section class=\"elementor-section elementor-top-section elementor-element elementor-element-dc34a88 elementor-section-boxed elementor-section-height-default elementor-section-height-default\" data-id=\"dc34a88\" data-element_type=\"section\" data-settings=\"{&quot;background_background&quot;:&quot;classic&quot;}\">\n\t\t\t\t\t\t<div class=\"elementor-container elementor-column-gap-default\">\n\t\t\t\t\t<div class=\"elementor-column elementor-col-100 elementor-top-column elementor-element elementor-element-daab3d1\" data-id=\"daab3d1\" data-element_type=\"column\">\n\t\t\t<div class=\"elementor-widget-wrap elementor-element-populated\">\n\t\t\t\t\t\t<div class=\"elementor-element elementor-element-bf408da elementor-widget elementor-widget-text-editor\" data-id=\"bf408da\" data-element_type=\"widget\" data-widget_type=\"text-editor.default\">\n\t\t\t\t<div class=\"elementor-widget-container\">\n\t\t\t\t\t\t\t\t\t<p><strong>Datenschutzerkl\u00e4rung - Sultan Tourism<\/strong> <strong>(Vereinigte Arabische Emirate)<\/strong><\/p>\n<p>Datum des Inkrafttretens: [29\/05\/2013]<\/p>\n<p>Wir bei Sultan Tourism verpflichten uns, die Privatsph\u00e4re und die Vertraulichkeit der pers\u00f6nlichen Daten unserer Kunden zu sch\u00fctzen. In dieser Datenschutzrichtlinie wird dargelegt, wie wir Ihre personenbezogenen Daten bei der Nutzung unserer Dienste erfassen, verwenden, offenlegen und sch\u00fctzen. Durch den Zugriff auf die Website von Sultan Tourism, auf mobile Anwendungen oder andere Dienste erkl\u00e4ren Sie sich mit den in dieser Datenschutzerkl\u00e4rung beschriebenen Praktiken einverstanden.<\/p>\n<p><strong>1. Informationen, die wir sammeln:<\/strong><\/p>\n<p><strong>1.1. Pers\u00f6nliche Informationen:<\/strong><br \/>Wir k\u00f6nnen personenbezogene Daten wie Ihren Namen, Ihre Adresse, Telefonnummer, E-Mail-Adresse, Nationalit\u00e4t, Reisepassdaten und Zahlungsdaten erfassen, wenn Sie unsere Dienstleistungen buchen oder mit unserer Website oder mobilen Anwendungen interagieren. Wir erfassen diese Informationen, um Ihnen die gew\u00fcnschten Dienstleistungen zu bieten, Ihre Buchungen zu bearbeiten und einen reibungslosen Reiseablauf zu gew\u00e4hrleisten.<\/p>\n<p><strong>1.2. Nicht-personenbezogene Informationen:<\/strong><br \/>Wir sammeln auch nicht-personenbezogene Daten, einschlie\u00dflich, aber nicht beschr\u00e4nkt auf Ihre IP-Adresse, Browser-Typ, Ger\u00e4teinformationen und Nutzungsdaten. Diese Informationen werden gesammelt, um Trends zu analysieren, unsere Website und Dienstleistungen zu verbessern und Ihr Gesamterlebnis zu steigern.<\/p>\n<p><strong>2. Verwendung pers\u00f6nlicher Informationen:<\/strong><\/p>\n<p><strong>2.1. Erbringung von Dienstleistungen:<\/strong><br \/>Wir verwenden Ihre pers\u00f6nlichen Daten, um Ihre Reisebuchungen auszuf\u00fchren, Kundendienst zu leisten und die von Ihnen gew\u00fcnschten Dienstleistungen zu erbringen. Dazu geh\u00f6rt auch die Weitergabe notwendiger Informationen an unsere Partner, wie z. B. Fluggesellschaften, Hotels und Reiseveranstalter, um Ihre Reisearrangements zu erleichtern.<\/p>\n<p><strong>2.2. Kommunikation:<\/strong><br \/>Wir k\u00f6nnen Ihre Kontaktdaten verwenden, um mit Ihnen \u00fcber Ihre Buchungen zu kommunizieren, Ihnen wichtige Updates, Werbeangebote und andere relevante Informationen \u00fcber unsere Dienstleistungen zu senden. Sie k\u00f6nnen den Erhalt von Marketingmitteilungen jederzeit abbestellen.<\/p>\n<p><strong>2.3. Kundenbetreuung:<\/strong><br \/>Wir k\u00f6nnen Ihre pers\u00f6nlichen Daten verwenden, um Ihre Anfragen zu beantworten, auf Probleme oder Bedenken einzugehen und einen effizienten Kundensupport anzubieten.<\/p>\n<p><strong>2.4. Einhaltung der Rechtsvorschriften:<\/strong><br \/>Wir sind berechtigt, Ihre pers\u00f6nlichen Daten zu erfassen, zu verwenden oder offenzulegen, wenn dies durch geltende Gesetze, Vorschriften oder rechtliche Verfahren erforderlich ist.<\/p>\n<p><strong>3. Gemeinsame Nutzung und Offenlegung von Daten:<\/strong><\/p>\n<p><strong>3.1. Drittanbieter von Dienstleistungen:<\/strong><br \/>Um unsere Dienstleistungen effektiv zu erbringen, k\u00f6nnen wir Ihre pers\u00f6nlichen Daten an vertrauensw\u00fcrdige Drittanbieter weitergeben, die uns bei der Bearbeitung von Buchungen und Zahlungstransaktionen sowie bei der Bereitstellung von Kundensupport unterst\u00fctzen. Diese Dienstleister sind vertraglich verpflichtet, Ihre Daten zu sch\u00fctzen und d\u00fcrfen sie nur f\u00fcr die in dieser Richtlinie genannten Zwecke verwenden.<\/p>\n<p><strong>3.2. Gesch\u00e4ftspartner:<\/strong><br \/>Wir k\u00f6nnen bestimmte pers\u00f6nliche Daten an unsere vertrauensw\u00fcrdigen Gesch\u00e4ftspartner wie Fluggesellschaften, Hotels und Reiseveranstalter weitergeben, um Ihre Reisearrangements zu erleichtern. Wir werden jedoch nur die Informationen weitergeben, die f\u00fcr die Erbringung der von Ihnen gebuchten Leistungen erforderlich sind.<\/p>\n<p><strong>3.3. Rechtliche Anforderungen:<\/strong><br \/>Wir k\u00f6nnen Ihre pers\u00f6nlichen Daten offenlegen, wenn wir dazu gesetzlich, per Gerichtsbeschluss oder durch staatliche Beh\u00f6rden verpflichtet sind.<\/p>\n<p><strong>4. Datensicherheit:<\/strong><\/p>\n<p>Wir ergreifen geeignete technische und organisatorische Ma\u00dfnahmen, um Ihre pers\u00f6nlichen Daten vor unbefugtem Zugriff, Offenlegung, \u00c4nderung oder Zerst\u00f6rung zu sch\u00fctzen. Wir verwenden sichere Server, Verschl\u00fcsselungstechniken und dem Industriestandard entsprechende Sicherheitsprotokolle, um Ihre Daten zu sch\u00fctzen. Allerdings ist keine Methode der \u00dcbertragung \u00fcber das Internet oder der elektronischen Speicherung 100% sicher, und wir k\u00f6nnen keine absolute Sicherheit garantieren.<\/p>\n<p><strong>5. Aufbewahrung von Daten:<\/strong><\/p>\n<p>Wir bewahren Ihre personenbezogenen Daten so lange auf, wie es f\u00fcr die Erf\u00fcllung der in dieser Datenschutzrichtlinie genannten Zwecke erforderlich ist, es sei denn, eine l\u00e4ngere Aufbewahrungsfrist ist gesetzlich vorgeschrieben oder zul\u00e4ssig. Wir werden Ihre personenbezogenen Daten sicher l\u00f6schen oder anonymisieren, wenn sie nicht mehr ben\u00f6tigt werden.<\/p>\n<p><strong>6. Ihre Rechte:<\/strong><\/p>\n<p>Sie haben das Recht, Ihre bei Sultan Tourism gespeicherten personenbezogenen Daten einzusehen, zu aktualisieren, zu korrigieren oder zu l\u00f6schen. Sie k\u00f6nnen diese Rechte aus\u00fcben, indem Sie uns unter Verwendung der unten angegebenen Informationen kontaktieren. Bitte beachten Sie, dass wir aufgrund bestimmter Einschr\u00e4nkungen oder rechtlicher Verpflichtungen m\u00f6glicherweise nicht in der Lage sind, Ihrer Anfrage in vollem Umfang nachzukommen.<\/p>\n<p><strong>7. \u00c4nderungen an der Datenschutzrichtlinie:<\/strong><\/p>\n<p>Wir k\u00f6nnen diese Datenschutzrichtlinie von Zeit zu Zeit aktualisieren. Alle \u00c4nderungen werden auf unserer Website ver\u00f6ffentlicht, und das Datum des Inkrafttretens<\/p>\t\t\t\t\t\t\t\t<\/div>\n\t\t\t\t<\/div>\n\t\t\t\t\t<\/div>\n\t\t<\/div>\n\t\t\t\t\t<\/div>\n\t\t<\/section>\n\t\t\t\t<\/div>","protected":false},"excerpt":{"rendered":"<p>Privacy Policy &#8211; Sultan Tourism (United Arab Emirates) Effective Date: [29\/05\/2013] At Sultan Tourism, we are committed to protecting the privacy and confidentiality of our customers&#8217; personal information. This Privacy Policy outlines how we collect, use, disclose, and protect your personal data when you use our services. By accessing or using Sultan Tourism&#8217;s website, mobile [&hellip;]<\/p>","protected":false},"author":6,"featured_media":0,"parent":0,"menu_order":0,"comment_status":"closed","ping_status":"open","template":"","meta":{"footnotes":""},"class_list":["post-3","page","type-page","status-publish","hentry"],"_links":{"self":[{"href":"https:\/\/sultantourism.com\/de\/wp-json\/wp\/v2\/pages\/3","targetHints":{"allow":["GET"]}}],"collection":[{"href":"https:\/\/sultantourism.com\/de\/wp-json\/wp\/v2\/pages"}],"about":[{"href":"https:\/\/sultantourism.com\/de\/wp-json\/wp\/v2\/types\/page"}],"author":[{"embeddable":true,"href":"https:\/\/sultantourism.com\/de\/wp-json\/wp\/v2\/users\/6"}],"replies":[{"embeddable":true,"href":"https:\/\/sultantourism.com\/de\/wp-json\/wp\/v2\/comments?post=3"}],"version-history":[{"count":0,"href":"https:\/\/sultantourism.com\/de\/wp-json\/wp\/v2\/pages\/3\/revisions"}],"wp:attachment":[{"href":"https:\/\/sultantourism.com\/de\/wp-json\/wp\/v2\/media?parent=3"}],"curies":[{"name":"wp","href":"https:\/\/api.w.org\/{rel}","templated":true}]}}