{"id":3,"date":"2023-05-24T11:43:06","date_gmt":"2023-05-24T11:43:06","guid":{"rendered":"https:\/\/sultantourism.com\/?page_id=3"},"modified":"2023-05-29T08:42:21","modified_gmt":"2023-05-29T08:42:21","slug":"privacy-policy","status":"publish","type":"page","link":"https:\/\/sultantourism.com\/es\/privacy-policy\/","title":{"rendered":"Pol\u00edtica de privacidad"},"content":{"rendered":"<div data-elementor-type=\"wp-page\" data-elementor-id=\"3\" class=\"elementor elementor-3\" data-elementor-post-type=\"page\">\n\t\t\t\t\t\t<section class=\"elementor-section elementor-top-section elementor-element elementor-element-dc34a88 elementor-section-boxed elementor-section-height-default elementor-section-height-default\" data-id=\"dc34a88\" data-element_type=\"section\" data-settings=\"{&quot;background_background&quot;:&quot;classic&quot;}\">\n\t\t\t\t\t\t<div class=\"elementor-container elementor-column-gap-default\">\n\t\t\t\t\t<div class=\"elementor-column elementor-col-100 elementor-top-column elementor-element elementor-element-daab3d1\" data-id=\"daab3d1\" data-element_type=\"column\">\n\t\t\t<div class=\"elementor-widget-wrap elementor-element-populated\">\n\t\t\t\t\t\t<div class=\"elementor-element elementor-element-bf408da elementor-widget elementor-widget-text-editor\" data-id=\"bf408da\" data-element_type=\"widget\" data-widget_type=\"text-editor.default\">\n\t\t\t\t<div class=\"elementor-widget-container\">\n\t\t\t\t\t\t\t\t\t<p><strong>Pol\u00edtica de privacidad - Sultan Tourism<\/strong> <strong>(Emiratos \u00c1rabes Unidos)<\/strong><\/p>\n<p>Fecha de entrada en vigor: [29\/05\/2013]<\/p>\n<p>En Sultan Tourism nos comprometemos a proteger la privacidad y confidencialidad de los datos personales de nuestros clientes. Esta Pol\u00edtica de Privacidad describe c\u00f3mo recopilamos, utilizamos, divulgamos y protegemos sus datos personales cuando utiliza nuestros servicios. Al acceder o utilizar el sitio web, las aplicaciones m\u00f3viles o cualquier otro servicio de Sultan Tourism, usted acepta las pr\u00e1cticas descritas en esta Pol\u00edtica de Privacidad.<\/p>\n<p><strong>1. Informaci\u00f3n que recopilamos:<\/strong><\/p>\n<p><strong>1.1. Informaci\u00f3n personal:<\/strong><br \/>Podemos recopilar informaci\u00f3n personal como su nombre, direcci\u00f3n, n\u00famero de tel\u00e9fono, direcci\u00f3n de correo electr\u00f3nico, nacionalidad, datos del pasaporte y datos de pago cuando reserva nuestros servicios o interact\u00faa con nuestro sitio web o aplicaciones m\u00f3viles. Recopilamos esta informaci\u00f3n para prestarle los servicios solicitados, procesar sus reservas y garantizar una experiencia de viaje fluida.<\/p>\n<p><strong>1.2. Informaci\u00f3n no personal:<\/strong><br \/>Tambi\u00e9n recopilamos informaci\u00f3n no personal, como su direcci\u00f3n IP, tipo de navegador, informaci\u00f3n del dispositivo y datos de uso. Esta informaci\u00f3n se recopila para analizar tendencias, mejorar nuestro sitio web y nuestros servicios, y mejorar su experiencia general.<\/p>\n<p><strong>2. Uso de la informaci\u00f3n personal:<\/strong><\/p>\n<p><strong>2.1. Prestaci\u00f3n de servicios:<\/strong><br \/>Utilizamos sus datos personales para tramitar sus reservas de viajes, ofrecerle asistencia al cliente y prestarle los servicios que nos solicite. Esto incluye compartir la informaci\u00f3n necesaria con nuestros socios, como aerol\u00edneas, hoteles y operadores tur\u00edsticos, para facilitar los preparativos de su viaje.<\/p>\n<p><strong>2.2. Comunicaci\u00f3n:<\/strong><br \/>Podemos utilizar su informaci\u00f3n de contacto para comunicarnos con usted en relaci\u00f3n con sus reservas, enviarle actualizaciones importantes, ofertas promocionales y otra informaci\u00f3n relevante sobre nuestros servicios. Puede optar por no recibir comunicaciones de marketing en cualquier momento.<\/p>\n<p><strong>2.3. Atenci\u00f3n al cliente:<\/strong><br \/>Podemos utilizar su informaci\u00f3n personal para responder a sus preguntas, resolver cualquier problema o duda y proporcionar una atenci\u00f3n al cliente eficaz.<\/p>\n<p><strong>2.4. Cumplimiento legal:<\/strong><br \/>Podemos recopilar, utilizar o divulgar su informaci\u00f3n personal seg\u00fan lo exijan las leyes, reglamentos o procesos legales aplicables.<\/p>\n<p><strong>3. Intercambio y divulgaci\u00f3n de datos:<\/strong><\/p>\n<p><strong>3.1. Terceros proveedores de servicios:<\/strong><br \/>Para prestar nuestros servicios de forma eficaz, podemos compartir su informaci\u00f3n personal con terceros proveedores de servicios de confianza que nos ayudan a procesar las reservas, las transacciones de pago y a prestar asistencia al cliente. Estos proveedores de servicios est\u00e1n obligados contractualmente a proteger sus datos y solo est\u00e1n autorizados a utilizarlos para los fines espec\u00edficos descritos en esta pol\u00edtica.<\/p>\n<p><strong>3.2. Socios comerciales:<\/strong><br \/>Podemos compartir cierta informaci\u00f3n personal con nuestros socios comerciales de confianza, como aerol\u00edneas, hoteles y operadores tur\u00edsticos, para facilitar sus preparativos de viaje. No obstante, solo revelaremos la informaci\u00f3n necesaria para prestarle los servicios que haya reservado.<\/p>\n<p><strong>3.3. Requisitos legales:<\/strong><br \/>Podemos revelar su informaci\u00f3n personal si as\u00ed nos lo exige la ley, una orden judicial o las autoridades gubernamentales.<\/p>\n<p><strong>4. Seguridad de los datos:<\/strong><\/p>\n<p>Tomamos las medidas t\u00e9cnicas y organizativas adecuadas para proteger sus datos personales frente al acceso, la divulgaci\u00f3n, la alteraci\u00f3n o la destrucci\u00f3n no autorizados. Utilizamos servidores seguros, t\u00e9cnicas de encriptaci\u00f3n y protocolos de seguridad est\u00e1ndar del sector para proteger sus datos. Sin embargo, ning\u00fan m\u00e9todo de transmisi\u00f3n por Internet o de almacenamiento electr\u00f3nico es 100% seguro, y no podemos garantizar una seguridad absoluta.<\/p>\n<p><strong>5. 5. Conservaci\u00f3n de datos:<\/strong><\/p>\n<p>Conservamos su informaci\u00f3n personal durante el tiempo necesario para cumplir los fines descritos en esta Pol\u00edtica de Privacidad, a menos que la ley exija o permita un periodo de conservaci\u00f3n m\u00e1s largo. Eliminaremos de forma segura o anonimizaremos su informaci\u00f3n personal cuando ya no sea necesaria.<\/p>\n<p><strong>6. Sus derechos:<\/strong><\/p>\n<p>Usted tiene derecho a acceder, actualizar, corregir o eliminar su informaci\u00f3n personal en poder de Sultan Tourism. Puede ejercer estos derechos poni\u00e9ndose en contacto con nosotros utilizando la informaci\u00f3n que se facilita a continuaci\u00f3n. Tenga en cuenta que determinadas limitaciones u obligaciones legales pueden impedirnos atender plenamente su solicitud.<\/p>\n<p><strong>7. Cambios en la pol\u00edtica de privacidad:<\/strong><\/p>\n<p>Podemos actualizar esta Pol\u00edtica de Privacidad de vez en cuando. Cualquier cambio se publicar\u00e1 en nuestro sitio web, y la fecha de entrada en vigor<\/p>\t\t\t\t\t\t\t\t<\/div>\n\t\t\t\t<\/div>\n\t\t\t\t\t<\/div>\n\t\t<\/div>\n\t\t\t\t\t<\/div>\n\t\t<\/section>\n\t\t\t\t<\/div>","protected":false},"excerpt":{"rendered":"<p>Privacy Policy &#8211; Sultan Tourism (United Arab Emirates) Effective Date: [29\/05\/2013] At Sultan Tourism, we are committed to protecting the privacy and confidentiality of our customers&#8217; personal information. This Privacy Policy outlines how we collect, use, disclose, and protect your personal data when you use our services. By accessing or using Sultan Tourism&#8217;s website, mobile [&hellip;]<\/p>","protected":false},"author":6,"featured_media":0,"parent":0,"menu_order":0,"comment_status":"closed","ping_status":"open","template":"","meta":{"footnotes":""},"class_list":["post-3","page","type-page","status-publish","hentry"],"_links":{"self":[{"href":"https:\/\/sultantourism.com\/es\/wp-json\/wp\/v2\/pages\/3","targetHints":{"allow":["GET"]}}],"collection":[{"href":"https:\/\/sultantourism.com\/es\/wp-json\/wp\/v2\/pages"}],"about":[{"href":"https:\/\/sultantourism.com\/es\/wp-json\/wp\/v2\/types\/page"}],"author":[{"embeddable":true,"href":"https:\/\/sultantourism.com\/es\/wp-json\/wp\/v2\/users\/6"}],"replies":[{"embeddable":true,"href":"https:\/\/sultantourism.com\/es\/wp-json\/wp\/v2\/comments?post=3"}],"version-history":[{"count":0,"href":"https:\/\/sultantourism.com\/es\/wp-json\/wp\/v2\/pages\/3\/revisions"}],"wp:attachment":[{"href":"https:\/\/sultantourism.com\/es\/wp-json\/wp\/v2\/media?parent=3"}],"curies":[{"name":"wp","href":"https:\/\/api.w.org\/{rel}","templated":true}]}}