{"id":27,"date":"2022-12-19T02:30:10","date_gmt":"2022-12-19T02:30:10","guid":{"rendered":"https:\/\/gaviaspreview.com\/wp\/gowilds\/?page_id=27"},"modified":"2023-09-18T10:03:52","modified_gmt":"2023-09-18T10:03:52","slug":"news","status":"publish","type":"page","link":"https:\/\/sultantourism.com\/fr\/news\/","title":{"rendered":"Blog"},"content":{"rendered":"<div data-elementor-type=\"wp-page\" data-elementor-id=\"27\" class=\"elementor elementor-27\" data-elementor-post-type=\"page\">\n\t\t\t\t\t\t<section class=\"elementor-section elementor-top-section elementor-element elementor-element-15c24e5 elementor-section-full_width elementor-section-height-default elementor-section-height-default\" data-id=\"15c24e5\" data-element_type=\"section\">\n\t\t\t\t\t\t<div class=\"elementor-container elementor-column-gap-default\">\n\t\t\t\t\t<div class=\"elementor-column elementor-col-100 elementor-top-column elementor-element elementor-element-5072785\" data-id=\"5072785\" data-element_type=\"column\">\n\t\t\t<div class=\"elementor-widget-wrap elementor-element-populated\">\n\t\t\t\t\t\t<div class=\"elementor-element elementor-element-c198af0 elementor-widget elementor-widget-gva_post_breadcrumb\" data-id=\"c198af0\" data-element_type=\"widget\" data-widget_type=\"gva_post_breadcrumb.default\">\n\t\t\t\t<div class=\"elementor-widget-container\">\n\t\t\t\t\t<div class=\"gva-element-gva_post_breadcrumb gva-element\">   \r\n<div class=\"post-breadcrumb\">\r\n   <div class=\"custom-breadcrumb\" >\r\n            <div class=\"breadcrumb-main\">\r\n        <div class=\"container\">\r\n          <div class=\"breadcrumb-container-inner\">\r\n            <h2 class=\"heading-title\">Blog<\/h2><ol class=\"breadcrumb\"><li><a href=\"https:\/\/sultantourism.com\/fr\">Accueil<\/a> <\/li> <li class=\"active\">Page<\/li><\/ol>          <\/div>  \r\n        <\/div>   \r\n      <\/div>  \r\n   <\/div>\r\n<\/div>      \r\n\r\n<\/div>\t\t\t\t<\/div>\n\t\t\t\t<\/div>\n\t\t\t\t\t<\/div>\n\t\t<\/div>\n\t\t\t\t\t<\/div>\n\t\t<\/section>\n\t\t\t\t<section class=\"elementor-section elementor-top-section elementor-element elementor-element-2ac74c4 elementor-section-boxed elementor-section-height-default elementor-section-height-default\" data-id=\"2ac74c4\" data-element_type=\"section\">\n\t\t\t\t\t\t<div class=\"elementor-container elementor-column-gap-default\">\n\t\t\t\t\t<div class=\"elementor-column elementor-col-100 elementor-top-column elementor-element elementor-element-2d8cdf9\" data-id=\"2d8cdf9\" data-element_type=\"column\">\n\t\t\t<div class=\"elementor-widget-wrap elementor-element-populated\">\n\t\t\t\t\t\t<div class=\"elementor-element elementor-element-9678132 elementor-widget elementor-widget-gva-posts\" data-id=\"9678132\" data-element_type=\"widget\" data-widget_type=\"gva-posts.default\">\n\t\t\t\t<div class=\"elementor-widget-container\">\n\t\t\t\t\t<div class=\"gva-element-gva-posts gva-element\">  \r\n  <div class=\"gva-posts-grid clearfix gva-posts\">\r\n\t\t<div class=\"gva-content-items\"> \r\n\t\t  <div class=\"lg-block-grid-3 md-block-grid-3 sm-block-grid-2 xs-block-grid-2 xx-block-grid-1\">\r\n\t\t\t <div class=\"item-columns\"><article class=\"post-3611 post type-post status-publish format-standard has-post-thumbnail hentry category-united-arab-emirates tag-adventure tag-travels\">\r\n   <div class=\"post post-one__single has-thumbnail\">\r\n      <div class=\"post-one__wrap\">\r\n         <div class=\"post-one__thumbnail\"><a href=\"https:\/\/sultantourism.com\/fr\/unlocking-cultural-connections-language-learning-while-traveling-in-the-uae\/\"><img fetchpriority=\"high\" decoding=\"async\" width=\"500\" height=\"360\" src=\"https:\/\/sultantourism.com\/wp-content\/uploads\/2024\/03\/uae-travel-flat-horizontal-composition-with-tourists-attractions-national-flag-clothing-dishes-natural-monuments-architecture-illustration_1284-28661-500x360.jpg\" class=\"attachment-post-thumbnail size-post-thumbnail wp-post-image\" alt=\"Unlocking Cultural Connections: Language Learning While Traveling in the UAE\" \/><\/a><div class=\"entry-date\"><span class=\"date\">29<\/span><span class=\"month\">Mar<\/span><\/div><\/div>       \r\n         <div class=\"post-one__content\">\r\n            <div class=\"post-one__category\"><span class=\"cat-links\"><a href=\"https:\/\/sultantourism.com\/fr\/category\/united-arab-emirates\/\" rel=\"category tag\">\u00c9mirats arabes unis<\/a><\/span><\/div>            <div class=\"post-one__content-inner\">\r\n               \r\n               <div class=\"post-one__meta\">\r\n                  <div class=\"clearfix meta-inline post-meta-1\"><span class=\"author vcard\"><i class=\"fas fa-user-circle\"><\/i>Tourisme Sultan<\/span><\/div>               <\/div> \r\n               <h3 class=\"post-one__title\"><a href=\"https:\/\/sultantourism.com\/fr\/unlocking-cultural-connections-language-learning-while-traveling-in-the-uae\/\" rel=\"bookmark\">D\u00e9verrouiller les liens culturels : Apprendre une langue en voyageant aux \u00c9mirats arabes unis<\/a><\/h3>\r\n               <div class=\"post-one__desc\">Table des mati\u00e8res Apprendre une langue en voyageant aux \u00c9mirats arabes unis Voyager aux \u00c9mirats arabes unis<\/div>               <div class=\"post-one__bottom\">\r\n                  <a class=\"post-one__read-more\" href=\"https:\/\/sultantourism.com\/fr\/unlocking-cultural-connections-language-learning-while-traveling-in-the-uae\/\">\r\n                    Lire la suite                    <i class=\"fa-solid fa-arrow-right\"><\/i>\r\n                  <\/a>\r\n               <\/div>\r\n            <\/div>\r\n         <\/div>\r\n      <\/div>   \r\n   <\/div>   \r\n<\/article><\/div><div class=\"item-columns\"><article class=\"post-3606 post type-post status-publish format-standard has-post-thumbnail hentry category-united-arab-emirates\">\r\n   <div class=\"post post-one__single has-thumbnail\">\r\n      <div class=\"post-one__wrap\">\r\n         <div class=\"post-one__thumbnail\"><a href=\"https:\/\/sultantourism.com\/fr\/embracing-the-seasons-your-ultimate-guide-to-year-round-travel-in-the-united-arab-emirates\/\"><img decoding=\"async\" width=\"500\" height=\"360\" src=\"https:\/\/sultantourism.com\/wp-content\/uploads\/2024\/03\/9702289_4246058-500x360.jpg\" class=\"attachment-post-thumbnail size-post-thumbnail wp-post-image\" alt=\"Embracing the Seasons: Your Ultimate Guide to Year-Round Travel in the United Arab Emirates\" srcset=\"https:\/\/sultantourism.com\/wp-content\/uploads\/2024\/03\/9702289_4246058-500x360.jpg 500w, https:\/\/sultantourism.com\/wp-content\/uploads\/2024\/03\/9702289_4246058-18x12.jpg 18w\" sizes=\"(max-width: 500px) 100vw, 500px\" \/><\/a><div class=\"entry-date\"><span class=\"date\">27<\/span><span class=\"month\">Mar<\/span><\/div><\/div>       \r\n         <div class=\"post-one__content\">\r\n            <div class=\"post-one__category\"><span class=\"cat-links\"><a href=\"https:\/\/sultantourism.com\/fr\/category\/united-arab-emirates\/\" rel=\"category tag\">\u00c9mirats arabes unis<\/a><\/span><\/div>            <div class=\"post-one__content-inner\">\r\n               \r\n               <div class=\"post-one__meta\">\r\n                  <div class=\"clearfix meta-inline post-meta-1\"><span class=\"author vcard\"><i class=\"fas fa-user-circle\"><\/i>Tourisme Sultan<\/span><\/div>               <\/div> \r\n               <h3 class=\"post-one__title\"><a href=\"https:\/\/sultantourism.com\/fr\/embracing-the-seasons-your-ultimate-guide-to-year-round-travel-in-the-united-arab-emirates\/\" rel=\"bookmark\">Embrasser les saisons : Votre guide ultime pour voyager toute l'ann\u00e9e aux \u00c9mirats arabes unis<\/a><\/h3>\r\n               <div class=\"post-one__desc\">Table des mati\u00e8res Guides de voyage saisonniers pour les \u00c9mirats arabes unis Les \u00c9mirats arabes unis<\/div>               <div class=\"post-one__bottom\">\r\n                  <a class=\"post-one__read-more\" href=\"https:\/\/sultantourism.com\/fr\/embracing-the-seasons-your-ultimate-guide-to-year-round-travel-in-the-united-arab-emirates\/\">\r\n                    Lire la suite                    <i class=\"fa-solid fa-arrow-right\"><\/i>\r\n                  <\/a>\r\n               <\/div>\r\n            <\/div>\r\n         <\/div>\r\n      <\/div>   \r\n   <\/div>   \r\n<\/article><\/div><div class=\"item-columns\"><article class=\"post-3602 post type-post status-publish format-standard has-post-thumbnail hentry category-united-arab-emirates\">\r\n   <div class=\"post post-one__single has-thumbnail\">\r\n      <div class=\"post-one__wrap\">\r\n         <div class=\"post-one__thumbnail\"><a href=\"https:\/\/sultantourism.com\/fr\/uncover-the-secrets-to-budget-friendly-adventures-in-the-uae\/\"><img decoding=\"async\" width=\"500\" height=\"360\" src=\"https:\/\/sultantourism.com\/wp-content\/uploads\/2024\/03\/money-accessories-travel-table-500x360.jpg\" class=\"attachment-post-thumbnail size-post-thumbnail wp-post-image\" alt=\"Uncover the Secrets to Budget-Friendly Adventures in the UAE\" srcset=\"https:\/\/sultantourism.com\/wp-content\/uploads\/2024\/03\/money-accessories-travel-table-500x360.jpg 500w, https:\/\/sultantourism.com\/wp-content\/uploads\/2024\/03\/money-accessories-travel-table-18x12.jpg 18w\" sizes=\"(max-width: 500px) 100vw, 500px\" \/><\/a><div class=\"entry-date\"><span class=\"date\">26<\/span><span class=\"month\">Mar<\/span><\/div><\/div>       \r\n         <div class=\"post-one__content\">\r\n            <div class=\"post-one__category\"><span class=\"cat-links\"><a href=\"https:\/\/sultantourism.com\/fr\/category\/united-arab-emirates\/\" rel=\"category tag\">\u00c9mirats arabes unis<\/a><\/span><\/div>            <div class=\"post-one__content-inner\">\r\n               \r\n               <div class=\"post-one__meta\">\r\n                  <div class=\"clearfix meta-inline post-meta-1\"><span class=\"author vcard\"><i class=\"fas fa-user-circle\"><\/i>Tourisme Sultan<\/span><\/div>               <\/div> \r\n               <h3 class=\"post-one__title\"><a href=\"https:\/\/sultantourism.com\/fr\/uncover-the-secrets-to-budget-friendly-adventures-in-the-uae\/\" rel=\"bookmark\">D\u00e9couvrez les secrets d'une aventure \u00e9conomique aux \u00c9mirats arabes unis<\/a><\/h3>\r\n               <div class=\"post-one__desc\">Plan de l'article Trucs et astuces pour voyager aux \u00c9mirats arabes unis Voyager aux \u00c9mirats arabes unis<\/div>               <div class=\"post-one__bottom\">\r\n                  <a class=\"post-one__read-more\" href=\"https:\/\/sultantourism.com\/fr\/uncover-the-secrets-to-budget-friendly-adventures-in-the-uae\/\">\r\n                    Lire la suite                    <i class=\"fa-solid fa-arrow-right\"><\/i>\r\n                  <\/a>\r\n               <\/div>\r\n            <\/div>\r\n         <\/div>\r\n      <\/div>   \r\n   <\/div>   \r\n<\/article><\/div><div class=\"item-columns\"><article class=\"post-3597 post type-post status-publish format-standard has-post-thumbnail hentry category-united-arab-emirates\">\r\n   <div class=\"post post-one__single has-thumbnail\">\r\n      <div class=\"post-one__wrap\">\r\n         <div class=\"post-one__thumbnail\"><a href=\"https:\/\/sultantourism.com\/fr\/solo-travel-tips-exploring-the-uae-alone\/\"><img loading=\"lazy\" decoding=\"async\" width=\"500\" height=\"360\" src=\"https:\/\/sultantourism.com\/wp-content\/uploads\/2024\/03\/black-woman-taking-photo-500x360.jpeg\" class=\"attachment-post-thumbnail size-post-thumbnail wp-post-image\" alt=\"Solo Travel Tips: Exploring the UAE Alone\" srcset=\"https:\/\/sultantourism.com\/wp-content\/uploads\/2024\/03\/black-woman-taking-photo-500x360.jpeg 500w, https:\/\/sultantourism.com\/wp-content\/uploads\/2024\/03\/black-woman-taking-photo-18x12.jpeg 18w\" sizes=\"(max-width: 500px) 100vw, 500px\" \/><\/a><div class=\"entry-date\"><span class=\"date\">25<\/span><span class=\"month\">Mar<\/span><\/div><\/div>       \r\n         <div class=\"post-one__content\">\r\n            <div class=\"post-one__category\"><span class=\"cat-links\"><a href=\"https:\/\/sultantourism.com\/fr\/category\/united-arab-emirates\/\" rel=\"category tag\">\u00c9mirats arabes unis<\/a><\/span><\/div>            <div class=\"post-one__content-inner\">\r\n               \r\n               <div class=\"post-one__meta\">\r\n                  <div class=\"clearfix meta-inline post-meta-1\"><span class=\"author vcard\"><i class=\"fas fa-user-circle\"><\/i>Tourisme Sultan<\/span><\/div>               <\/div> \r\n               <h3 class=\"post-one__title\"><a href=\"https:\/\/sultantourism.com\/fr\/solo-travel-tips-exploring-the-uae-alone\/\" rel=\"bookmark\">Conseils pour les voyages en solitaire : Explorer les \u00c9mirats arabes unis en solitaire<\/a><\/h3>\r\n               <div class=\"post-one__desc\">Table des mati\u00e8res Conseils pour les voyages en solitaire aux \u00c9mirats arabes unis \"Le voyage en solitaire peut \u00eatre l'une des plus belles exp\u00e9riences de la vie.<\/div>               <div class=\"post-one__bottom\">\r\n                  <a class=\"post-one__read-more\" href=\"https:\/\/sultantourism.com\/fr\/solo-travel-tips-exploring-the-uae-alone\/\">\r\n                    Lire la suite                    <i class=\"fa-solid fa-arrow-right\"><\/i>\r\n                  <\/a>\r\n               <\/div>\r\n            <\/div>\r\n         <\/div>\r\n      <\/div>   \r\n   <\/div>   \r\n<\/article><\/div><div class=\"item-columns\"><article class=\"post-3593 post type-post status-publish format-standard has-post-thumbnail hentry category-dubai\">\r\n   <div class=\"post post-one__single has-thumbnail\">\r\n      <div class=\"post-one__wrap\">\r\n         <div class=\"post-one__thumbnail\"><a href=\"https:\/\/sultantourism.com\/fr\/exploring-the-wonders-of-uae-a-guide-to-family-friendly-adventures\/\"><img loading=\"lazy\" decoding=\"async\" width=\"500\" height=\"360\" src=\"https:\/\/sultantourism.com\/wp-content\/uploads\/2024\/03\/portrait-happy-family-500x360.jpeg\" class=\"attachment-post-thumbnail size-post-thumbnail wp-post-image\" alt=\"Exploring the Wonders of UAE: A Guide to Family-Friendly Adventures\" srcset=\"https:\/\/sultantourism.com\/wp-content\/uploads\/2024\/03\/portrait-happy-family-500x360.jpeg 500w, https:\/\/sultantourism.com\/wp-content\/uploads\/2024\/03\/portrait-happy-family-18x12.jpeg 18w\" sizes=\"(max-width: 500px) 100vw, 500px\" \/><\/a><div class=\"entry-date\"><span class=\"date\">24<\/span><span class=\"month\">Mar<\/span><\/div><\/div>       \r\n         <div class=\"post-one__content\">\r\n            <div class=\"post-one__category\"><span class=\"cat-links\"><a href=\"https:\/\/sultantourism.com\/fr\/category\/dubai\/\" rel=\"category tag\">Duba\u00ef<\/a><\/span><\/div>            <div class=\"post-one__content-inner\">\r\n               \r\n               <div class=\"post-one__meta\">\r\n                  <div class=\"clearfix meta-inline post-meta-1\"><span class=\"author vcard\"><i class=\"fas fa-user-circle\"><\/i>Tourisme Sultan<\/span><\/div>               <\/div> \r\n               <h3 class=\"post-one__title\"><a href=\"https:\/\/sultantourism.com\/fr\/exploring-the-wonders-of-uae-a-guide-to-family-friendly-adventures\/\" rel=\"bookmark\">Explorer les merveilles des \u00c9mirats arabes unis : Guide des aventures familiales<\/a><\/h3>\r\n               <div class=\"post-one__desc\">Destinations familiales aux \u00c9mirats arabes unis Si vous cherchez un lieu de vacances familiales qui combine<\/div>               <div class=\"post-one__bottom\">\r\n                  <a class=\"post-one__read-more\" href=\"https:\/\/sultantourism.com\/fr\/exploring-the-wonders-of-uae-a-guide-to-family-friendly-adventures\/\">\r\n                    Lire la suite                    <i class=\"fa-solid fa-arrow-right\"><\/i>\r\n                  <\/a>\r\n               <\/div>\r\n            <\/div>\r\n         <\/div>\r\n      <\/div>   \r\n   <\/div>   \r\n<\/article><\/div><div class=\"item-columns\"><article class=\"post-3590 post type-post status-publish format-standard has-post-thumbnail hentry category-united-arab-emirates tag-adventure tag-camping tag-policy tag-travels\">\r\n   <div class=\"post post-one__single has-thumbnail\">\r\n      <div class=\"post-one__wrap\">\r\n         <div class=\"post-one__thumbnail\"><a href=\"https:\/\/sultantourism.com\/fr\/embracing-the-future-the-ultimate-guide-to-sustainable-travel-in-the-united-arab-emirates\/\"><img loading=\"lazy\" decoding=\"async\" width=\"500\" height=\"360\" src=\"https:\/\/sultantourism.com\/wp-content\/uploads\/2024\/03\/104232-500x360.jpg\" class=\"attachment-post-thumbnail size-post-thumbnail wp-post-image\" alt=\"Embracing the Future: The Ultimate Guide to Sustainable Travel in the United Arab Emirates\" srcset=\"https:\/\/sultantourism.com\/wp-content\/uploads\/2024\/03\/104232-500x360.jpg 500w, https:\/\/sultantourism.com\/wp-content\/uploads\/2024\/03\/104232-18x12.jpg 18w\" sizes=\"(max-width: 500px) 100vw, 500px\" \/><\/a><div class=\"entry-date\"><span class=\"date\">21<\/span><span class=\"month\">Mar<\/span><\/div><\/div>       \r\n         <div class=\"post-one__content\">\r\n            <div class=\"post-one__category\"><span class=\"cat-links\"><a href=\"https:\/\/sultantourism.com\/fr\/category\/united-arab-emirates\/\" rel=\"category tag\">\u00c9mirats arabes unis<\/a><\/span><\/div>            <div class=\"post-one__content-inner\">\r\n               \r\n               <div class=\"post-one__meta\">\r\n                  <div class=\"clearfix meta-inline post-meta-1\"><span class=\"author vcard\"><i class=\"fas fa-user-circle\"><\/i>Tourisme Sultan<\/span><\/div>               <\/div> \r\n               <h3 class=\"post-one__title\"><a href=\"https:\/\/sultantourism.com\/fr\/embracing-the-future-the-ultimate-guide-to-sustainable-travel-in-the-united-arab-emirates\/\" rel=\"bookmark\">Embrasser l'avenir : Le guide ultime du voyage durable aux \u00c9mirats arabes unis<\/a><\/h3>\r\n               <div class=\"post-one__desc\">Tableau 1 : Tableau 2 : Article Les voyages durables aux \u00c9mirats arabes unis Introduction \u00e0 l'article<\/div>               <div class=\"post-one__bottom\">\r\n                  <a class=\"post-one__read-more\" href=\"https:\/\/sultantourism.com\/fr\/embracing-the-future-the-ultimate-guide-to-sustainable-travel-in-the-united-arab-emirates\/\">\r\n                    Lire la suite                    <i class=\"fa-solid fa-arrow-right\"><\/i>\r\n                  <\/a>\r\n               <\/div>\r\n            <\/div>\r\n         <\/div>\r\n      <\/div>   \r\n   <\/div>   \r\n<\/article><\/div>\t\t  <\/div>\r\n\t\t<\/div>\r\n\t\t\t\t\t <div class=\"pagination\">\r\n\t\t\t\t  <div class=\"column one pager_wrapper\"><div class=\"pager\"><div class=\"paginations\"><a href=\"https:\/\/sultantourism.com\/fr\/wp-json\/wp\/v2\/pages\/27\/\" class=\"page-item active\">1<\/a><a href=\"https:\/\/sultantourism.com\/fr\/wp-json\/wp\/v2\/pages\/27\/page\/2\/\" class=\"page-item\">2<\/a><a href=\"https:\/\/sultantourism.com\/fr\/wp-json\/wp\/v2\/pages\/27\/page\/3\/\" class=\"page-item\">3<\/a><span class=\"page-item\">... <\/span><a href=\"https:\/\/sultantourism.com\/fr\/wp-json\/wp\/v2\/pages\/27\/page\/13\/\" class=\"page-item\">13<\/a><a class=\"next_page\" href=\"https:\/\/sultantourism.com\/fr\/wp-json\/wp\/v2\/pages\/27\/page\/2\/\"><i class=\"fas fa-chevron-right\"><\/i><\/a><\/div><\/div><\/div>\n\t\t\t <\/div>\r\n\t\t  <\/div>\r\n  <\/div>\t\t\t\t<\/div>\n\t\t\t\t<\/div>\n\t\t\t\t\t<\/div>\n\t\t<\/div>\n\t\t\t\t\t<\/div>\n\t\t<\/section>\n\t\t\t\t<section class=\"elementor-section elementor-top-section elementor-element elementor-element-b6b9d89 elementor-section-boxed elementor-section-height-default elementor-section-height-default\" data-id=\"b6b9d89\" data-element_type=\"section\" data-settings=\"{&quot;background_background&quot;:&quot;classic&quot;}\">\n\t\t\t\t\t\t<div class=\"elementor-container elementor-column-gap-default\">\n\t\t\t\t\t<div class=\"elementor-column elementor-col-50 elementor-top-column elementor-element elementor-element-b19d260\" data-id=\"b19d260\" data-element_type=\"column\">\n\t\t\t<div class=\"elementor-widget-wrap elementor-element-populated\">\n\t\t\t\t\t\t<div class=\"elementor-element elementor-element-7efdfef elementor-position-left icon-box-left elementor-view-default elementor-mobile-position-top elementor-widget elementor-widget-icon-box\" data-id=\"7efdfef\" data-element_type=\"widget\" data-widget_type=\"icon-box.default\">\n\t\t\t\t<div class=\"elementor-widget-container\">\n\t\t\t\t\t\t\t<div class=\"elementor-icon-box-wrapper\">\n\n\t\t\t\t\t\t<div class=\"elementor-icon-box-icon\">\n\t\t\t\t<span  class=\"elementor-icon\">\n\t\t\t\t<i aria-hidden=\"true\" class=\"gwflaticon-travel\"><\/i>\t\t\t\t<\/span>\n\t\t\t<\/div>\n\t\t\t\n\t\t\t\t\t\t<div class=\"elementor-icon-box-content\">\n\n\t\t\t\t\t\t\t\t\t<h3 class=\"elementor-icon-box-title\">\n\t\t\t\t\t\t<span  >\n\t\t\t\t\t\t\tTourisme Sultan\t\t\t\t\t\t<\/span>\n\t\t\t\t\t<\/h3>\n\t\t\t\t\n\t\t\t\t\t\t\t\t\t<p class=\"elementor-icon-box-description\">\n\t\t\t\t\t\tPr\u00eat \u00e0 partir \u00e0 l'aventure et \u00e0 profiter de la nature\t\t\t\t\t<\/p>\n\t\t\t\t\n\t\t\t<\/div>\n\t\t\t\n\t\t<\/div>\n\t\t\t\t\t\t<\/div>\n\t\t\t\t<\/div>\n\t\t\t\t\t<\/div>\n\t\t<\/div>\n\t\t\t\t<div class=\"elementor-column elementor-col-50 elementor-top-column elementor-element elementor-element-adb556c\" data-id=\"adb556c\" data-element_type=\"column\">\n\t\t\t<div class=\"elementor-widget-wrap elementor-element-populated\">\n\t\t\t\t\t\t<div class=\"elementor-element elementor-element-6389af6 elementor-widget__width-auto elementor-widget elementor-widget-html\" data-id=\"6389af6\" data-element_type=\"widget\" data-widget_type=\"html.default\">\n\t\t\t\t<div class=\"elementor-widget-container\">\n\t\t\t\t\t<a class=\"btn-white\" href=\"https:\/\/sultantourism.com\/fr\/tours-page\/\">\n    En savoir plus\n<\/a>\t\t\t\t<\/div>\n\t\t\t\t<\/div>\n\t\t\t\t\t<\/div>\n\t\t<\/div>\n\t\t\t\t\t<\/div>\n\t\t<\/section>\n\t\t\t\t<\/div>","protected":false},"excerpt":{"rendered":"<p>Dubai is a place where start new life with adventure travel Home 03Jul Al Ain Sultan Adventures Al Ain: Oasis of Culture, History, and Natural Beauty Introduction Nestled amidst the rolling dunes of the Arabian Desert, Al Ain is a captivating Read More 03Jul Umm Al Quwain Sultan Adventures Umm Al Quwain: Serene Coastal Charms [&hellip;]<\/p>","protected":false},"author":6,"featured_media":0,"parent":0,"menu_order":0,"comment_status":"closed","ping_status":"closed","template":"","meta":{"footnotes":""},"class_list":["post-27","page","type-page","status-publish","hentry"],"_links":{"self":[{"href":"https:\/\/sultantourism.com\/fr\/wp-json\/wp\/v2\/pages\/27","targetHints":{"allow":["GET"]}}],"collection":[{"href":"https:\/\/sultantourism.com\/fr\/wp-json\/wp\/v2\/pages"}],"about":[{"href":"https:\/\/sultantourism.com\/fr\/wp-json\/wp\/v2\/types\/page"}],"author":[{"embeddable":true,"href":"https:\/\/sultantourism.com\/fr\/wp-json\/wp\/v2\/users\/6"}],"replies":[{"embeddable":true,"href":"https:\/\/sultantourism.com\/fr\/wp-json\/wp\/v2\/comments?post=27"}],"version-history":[{"count":0,"href":"https:\/\/sultantourism.com\/fr\/wp-json\/wp\/v2\/pages\/27\/revisions"}],"wp:attachment":[{"href":"https:\/\/sultantourism.com\/fr\/wp-json\/wp\/v2\/media?parent=27"}],"curies":[{"name":"wp","href":"https:\/\/api.w.org\/{rel}","templated":true}]}}