{"id":3,"date":"2023-05-24T11:43:06","date_gmt":"2023-05-24T11:43:06","guid":{"rendered":"https:\/\/sultantourism.com\/?page_id=3"},"modified":"2023-05-29T08:42:21","modified_gmt":"2023-05-29T08:42:21","slug":"privacy-policy","status":"publish","type":"page","link":"https:\/\/sultantourism.com\/fr\/privacy-policy\/","title":{"rendered":"Politique de confidentialit\u00e9"},"content":{"rendered":"<div data-elementor-type=\"wp-page\" data-elementor-id=\"3\" class=\"elementor elementor-3\" data-elementor-post-type=\"page\">\n\t\t\t\t\t\t<section class=\"elementor-section elementor-top-section elementor-element elementor-element-dc34a88 elementor-section-boxed elementor-section-height-default elementor-section-height-default\" data-id=\"dc34a88\" data-element_type=\"section\" data-settings=\"{&quot;background_background&quot;:&quot;classic&quot;}\">\n\t\t\t\t\t\t<div class=\"elementor-container elementor-column-gap-default\">\n\t\t\t\t\t<div class=\"elementor-column elementor-col-100 elementor-top-column elementor-element elementor-element-daab3d1\" data-id=\"daab3d1\" data-element_type=\"column\">\n\t\t\t<div class=\"elementor-widget-wrap elementor-element-populated\">\n\t\t\t\t\t\t<div class=\"elementor-element elementor-element-bf408da elementor-widget elementor-widget-text-editor\" data-id=\"bf408da\" data-element_type=\"widget\" data-widget_type=\"text-editor.default\">\n\t\t\t\t<div class=\"elementor-widget-container\">\n\t\t\t\t\t\t\t\t\t<p><strong>Politique de confidentialit\u00e9 - Sultan Tourism<\/strong> <strong>(\u00c9mirats arabes unis)<\/strong><\/p>\n<p>Date d'entr\u00e9e en vigueur : [29\/05\/2013]<\/p>\n<p>Chez Sultan Tourism, nous nous engageons \u00e0 prot\u00e9ger la vie priv\u00e9e et la confidentialit\u00e9 des informations personnelles de nos clients. La pr\u00e9sente politique de confidentialit\u00e9 d\u00e9crit la mani\u00e8re dont nous recueillons, utilisons, divulguons et prot\u00e9geons vos donn\u00e9es personnelles lorsque vous utilisez nos services. En acc\u00e9dant ou en utilisant le site Web, les applications mobiles ou tout autre service de Sultan Tourism, vous acceptez les pratiques d\u00e9crites dans la pr\u00e9sente politique de confidentialit\u00e9.<\/p>\n<p><strong>1. Les informations que nous recueillons :<\/strong><\/p>\n<p><strong>1.1. Informations personnelles :<\/strong><br \/>Nous pouvons collecter des informations personnelles telles que votre nom, votre adresse, votre num\u00e9ro de t\u00e9l\u00e9phone, votre adresse \u00e9lectronique, votre nationalit\u00e9, les d\u00e9tails de votre passeport et les d\u00e9tails de votre paiement lorsque vous r\u00e9servez nos services ou interagissez avec notre site web ou nos applications mobiles. Nous recueillons ces informations pour vous fournir les services demand\u00e9s, traiter vos r\u00e9servations et vous garantir une exp\u00e9rience de voyage sans faille.<\/p>\n<p><strong>1.2. Informations non personnelles :<\/strong><br \/>Nous recueillons \u00e9galement des informations non personnelles, y compris, mais sans s'y limiter, votre adresse IP, votre type de navigateur, des informations sur votre appareil et des donn\u00e9es d'utilisation. Ces informations sont collect\u00e9es afin d'analyser les tendances, d'am\u00e9liorer notre site web et nos services, et d'am\u00e9liorer votre exp\u00e9rience globale.<\/p>\n<p><strong>2. Utilisation des informations personnelles :<\/strong><\/p>\n<p><strong>2.1. Prestation de services :<\/strong><br \/>Nous utilisons vos informations personnelles pour effectuer vos r\u00e9servations de voyage, fournir une assistance \u00e0 la client\u00e8le et fournir les services que vous nous demandez. Cela inclut le partage des informations n\u00e9cessaires avec nos partenaires, tels que les compagnies a\u00e9riennes, les h\u00f4tels et les voyagistes, afin de faciliter l'organisation de votre voyage.<\/p>\n<p><strong>2.2. La communication :<\/strong><br \/>Nous pouvons utiliser vos coordonn\u00e9es pour communiquer avec vous au sujet de vos r\u00e9servations, vous envoyer des mises \u00e0 jour importantes, des offres promotionnelles et d'autres informations pertinentes sur nos services. Vous pouvez \u00e0 tout moment refuser de recevoir des communications marketing.<\/p>\n<p><strong>2.3. Assistance \u00e0 la client\u00e8le :<\/strong><br \/>Nous pouvons utiliser vos informations personnelles pour r\u00e9pondre \u00e0 vos demandes, traiter vos probl\u00e8mes ou pr\u00e9occupations et fournir un service client\u00e8le efficace.<\/p>\n<p><strong>2.4. Conformit\u00e9 juridique :<\/strong><br \/>Nous pouvons collecter, utiliser ou divulguer vos informations personnelles comme l'exigent les lois, les r\u00e9glementations ou les proc\u00e9dures juridiques applicables.<\/p>\n<p><strong>3. Partage et divulgation des donn\u00e9es :<\/strong><\/p>\n<p><strong>3.1. Prestataires de services tiers :<\/strong><br \/>Afin de fournir nos services de mani\u00e8re efficace, nous pouvons partager vos informations personnelles avec des prestataires de services tiers de confiance qui nous aident \u00e0 traiter les r\u00e9servations, les transactions de paiement et \u00e0 fournir une assistance \u00e0 la client\u00e8le. Ces prestataires de services sont contractuellement tenus de prot\u00e9ger vos informations et ne sont autoris\u00e9s \u00e0 les utiliser qu'aux fins sp\u00e9cifiques d\u00e9crites dans la pr\u00e9sente politique.<\/p>\n<p><strong>3.2. Partenaires commerciaux :<\/strong><br \/>Nous pouvons partager certaines informations personnelles avec nos partenaires commerciaux de confiance, tels que les compagnies a\u00e9riennes, les h\u00f4tels et les voyagistes, afin de faciliter l'organisation de votre voyage. Toutefois, nous ne divulguerons que les informations n\u00e9cessaires pour fournir les services que vous avez r\u00e9serv\u00e9s.<\/p>\n<p><strong>3.3. Exigences l\u00e9gales :<\/strong><br \/>Nous pouvons divulguer vos informations personnelles si la loi, une d\u00e9cision de justice ou les autorit\u00e9s gouvernementales l'exigent.<\/p>\n<p><strong>4. S\u00e9curit\u00e9 des donn\u00e9es :<\/strong><\/p>\n<p>Nous prenons les mesures techniques et organisationnelles appropri\u00e9es pour prot\u00e9ger vos informations personnelles contre tout acc\u00e8s, divulgation, modification ou destruction non autoris\u00e9s. Nous utilisons des serveurs s\u00e9curis\u00e9s, des techniques de cryptage et des protocoles de s\u00e9curit\u00e9 conformes aux normes industrielles pour prot\u00e9ger vos donn\u00e9es. Cependant, aucune m\u00e9thode de transmission sur Internet ou de stockage \u00e9lectronique n'est 100% s\u00fbre, et nous ne pouvons pas garantir une s\u00e9curit\u00e9 absolue.<\/p>\n<p><strong>5. Conservation des donn\u00e9es :<\/strong><\/p>\n<p>Nous conservons vos informations personnelles aussi longtemps que n\u00e9cessaire pour atteindre les objectifs d\u00e9crits dans la pr\u00e9sente politique de confidentialit\u00e9, \u00e0 moins qu'une p\u00e9riode de conservation plus longue ne soit requise ou autoris\u00e9e par la loi. Nous supprimerons ou anonymiserons en toute s\u00e9curit\u00e9 vos informations personnelles lorsqu'elles ne seront plus n\u00e9cessaires.<\/p>\n<p><strong>6. Vos droits :<\/strong><\/p>\n<p>Vous avez le droit d'acc\u00e9der, de mettre \u00e0 jour, de corriger ou de supprimer vos informations personnelles d\u00e9tenues par Sultan Tourism. Vous pouvez exercer ces droits en nous contactant \u00e0 l'aide des informations fournies ci-dessous. Veuillez noter que certaines limitations ou obligations l\u00e9gales peuvent nous emp\u00eacher de r\u00e9pondre pleinement \u00e0 votre demande.<\/p>\n<p><strong>7. Modifications de la politique de confidentialit\u00e9 :<\/strong><\/p>\n<p>Nous pouvons mettre \u00e0 jour la pr\u00e9sente politique de confidentialit\u00e9 de temps \u00e0 autre. Toute modification sera publi\u00e9e sur notre site web, et la date d'entr\u00e9e en vigueur sera la suivante<\/p>\t\t\t\t\t\t\t\t<\/div>\n\t\t\t\t<\/div>\n\t\t\t\t\t<\/div>\n\t\t<\/div>\n\t\t\t\t\t<\/div>\n\t\t<\/section>\n\t\t\t\t<\/div>","protected":false},"excerpt":{"rendered":"<p>Privacy Policy &#8211; Sultan Tourism (United Arab Emirates) Effective Date: [29\/05\/2013] At Sultan Tourism, we are committed to protecting the privacy and confidentiality of our customers&#8217; personal information. This Privacy Policy outlines how we collect, use, disclose, and protect your personal data when you use our services. By accessing or using Sultan Tourism&#8217;s website, mobile [&hellip;]<\/p>","protected":false},"author":6,"featured_media":0,"parent":0,"menu_order":0,"comment_status":"closed","ping_status":"open","template":"","meta":{"footnotes":""},"class_list":["post-3","page","type-page","status-publish","hentry"],"_links":{"self":[{"href":"https:\/\/sultantourism.com\/fr\/wp-json\/wp\/v2\/pages\/3","targetHints":{"allow":["GET"]}}],"collection":[{"href":"https:\/\/sultantourism.com\/fr\/wp-json\/wp\/v2\/pages"}],"about":[{"href":"https:\/\/sultantourism.com\/fr\/wp-json\/wp\/v2\/types\/page"}],"author":[{"embeddable":true,"href":"https:\/\/sultantourism.com\/fr\/wp-json\/wp\/v2\/users\/6"}],"replies":[{"embeddable":true,"href":"https:\/\/sultantourism.com\/fr\/wp-json\/wp\/v2\/comments?post=3"}],"version-history":[{"count":0,"href":"https:\/\/sultantourism.com\/fr\/wp-json\/wp\/v2\/pages\/3\/revisions"}],"wp:attachment":[{"href":"https:\/\/sultantourism.com\/fr\/wp-json\/wp\/v2\/media?parent=3"}],"curies":[{"name":"wp","href":"https:\/\/api.w.org\/{rel}","templated":true}]}}