{"id":31,"date":"2022-12-19T02:30:57","date_gmt":"2022-12-19T02:30:57","guid":{"rendered":"https:\/\/gaviaspreview.com\/wp\/gowilds\/?page_id=31"},"modified":"2024-05-23T22:07:26","modified_gmt":"2024-05-23T18:07:26","slug":"buggy-ride","status":"publish","type":"page","link":"https:\/\/sultantourism.com\/fr\/buggy-ride\/","title":{"rendered":"Promenade en buggy"},"content":{"rendered":"<div data-elementor-type=\"wp-page\" data-elementor-id=\"31\" class=\"elementor elementor-31\" data-elementor-post-type=\"page\">\n\t\t\t\t\t\t<section class=\"elementor-section elementor-top-section elementor-element elementor-element-4fa2c2c1 elementor-section-boxed elementor-section-height-default elementor-section-height-default\" data-id=\"4fa2c2c1\" data-element_type=\"section\">\n\t\t\t\t\t\t<div class=\"elementor-container elementor-column-gap-default\">\n\t\t\t\t\t<div class=\"elementor-column elementor-col-50 elementor-top-column elementor-element elementor-element-5fe6d51c\" data-id=\"5fe6d51c\" data-element_type=\"column\">\n\t\t\t<div class=\"elementor-widget-wrap elementor-element-populated\">\n\t\t\t\t\t\t<div class=\"elementor-element elementor-element-27f3d735 elementor-widget elementor-widget-ovabrw_product_images\" data-id=\"27f3d735\" data-element_type=\"widget\" data-widget_type=\"ovabrw_product_images.default\">\n\t\t\t\t<div class=\"elementor-widget-container\">\n\t\t\t\t\t\t\t\t\t<div class=\"elementor-product-image ovabrw-modern-product\">\n\t\t\t\t\t\t<div class=\"ovabrw-product-images\">\n\t\t<div class=\"featured-img\">\n\t\t\t<a class=\"gallery-fancybox\" data-index='0' href=\"javascript:;\">\n\t\t\t\t<img decoding=\"async\" src=\"https:\/\/sultantourism.com\/wp-content\/uploads\/2023\/06\/1-SEATER-POLARIS-BUGGY-DUBAI-TOUR.jpg\" alt=\"1 SEATER POLARIS BUGGY DUBAI TOUR\">\n\t\t\t<\/a>\n\t\t<\/div>\n\t\t\t\t<div class=\"gallery\">\n\t\t\t<div class=\"product-gallery owl-carousel owl-theme\" \n\t\t\t\tdata-options=\"{&quot;items&quot;:3,&quot;items_tablet&quot;:2,&quot;items_mobile&quot;:2,&quot;slideBy&quot;:1,&quot;margin&quot;:25,&quot;autoWidth&quot;:false,&quot;autoplayHoverPause&quot;:true,&quot;loop&quot;:true,&quot;autoplay&quot;:true,&quot;autoplayTimeout&quot;:3000,&quot;smartSpeed&quot;:500,&quot;nav&quot;:false,&quot;rtl&quot;:false}\">\n\t\t\t\t\t\t\t\t\t<div class=\"gallery-item\">\n\t\t\t\t\t\t<a class=\"gallery-fancybox\" data-index=\"1\" href=\"javascript:;\">\n\t\t  \t\t\t\t\t<img decoding=\"async\" src=\"https:\/\/sultantourism.com\/wp-content\/uploads\/2023\/06\/4-SEATER-CANAM-BUGGY-TOUR.jpg\" alt=\"4 SEATER CANAM BUGGY TOUR\">\n\t\t  \t\t\t\t<\/a>\n\t\t\t\t\t<\/div>\n\t\t\t\t\t\t\t\t\t<div class=\"gallery-item\">\n\t\t\t\t\t\t<a class=\"gallery-fancybox\" data-index=\"2\" href=\"javascript:;\">\n\t\t  \t\t\t\t\t<img decoding=\"async\" src=\"https:\/\/sultantourism.com\/wp-content\/uploads\/2023\/06\/4-SEATER-CANAM-BUGGY-TOUR1-HOUR.jpg\" alt=\"4 SEATER CANAM BUGGY TOUR(1 HOUR)\">\n\t\t  \t\t\t\t<\/a>\n\t\t\t\t\t<\/div>\n\t\t\t\t\t\t\t\t\t<div class=\"gallery-item\">\n\t\t\t\t\t\t<a class=\"gallery-fancybox\" data-index=\"3\" href=\"javascript:;\">\n\t\t  \t\t\t\t\t<img decoding=\"async\" src=\"https:\/\/sultantourism.com\/wp-content\/uploads\/2023\/06\/CAN-AM-BUGGY-TOUR1-HOUR.jpg\" alt=\"CAN-AM BUGGY TOUR(1 HOUR)\">\n\t\t  \t\t\t\t<\/a>\n\t\t\t\t\t<\/div>\n\t\t\t\t\t\t\t\t\t<div class=\"gallery-item\">\n\t\t\t\t\t\t<a class=\"gallery-fancybox\" data-index=\"4\" href=\"javascript:;\">\n\t\t  \t\t\t\t\t<img decoding=\"async\" src=\"https:\/\/sultantourism.com\/wp-content\/uploads\/2023\/06\/CAN-AM-BUGGY-TOUR30-MINS.jpg\" alt=\"CAN-AM BUGGY TOUR(30 MINS)\">\n\t\t  \t\t\t\t<\/a>\n\t\t\t\t\t<\/div>\n\t\t\t\t\t\t\t\t\t<div class=\"gallery-item\">\n\t\t\t\t\t\t<a class=\"gallery-fancybox\" data-index=\"5\" href=\"javascript:;\">\n\t\t  \t\t\t\t\t<img decoding=\"async\" src=\"https:\/\/sultantourism.com\/wp-content\/uploads\/2023\/06\/DUNE-BUGGY-TOUR.jpg\" alt=\"DUNE BUGGY TOUR\">\n\t\t  \t\t\t\t<\/a>\n\t\t\t\t\t<\/div>\n\t\t\t\t\t\t\t\t\t<div class=\"gallery-item\">\n\t\t\t\t\t\t<a class=\"gallery-fancybox\" data-index=\"6\" href=\"javascript:;\">\n\t\t  \t\t\t\t\t<img decoding=\"async\" src=\"https:\/\/sultantourism.com\/wp-content\/uploads\/2023\/06\/4-SEATER-BUGGY-TOUR2-HOURS.jpg\" alt=\"4 SEATER BUGGY TOUR(2 HOURS\">\n\t\t  \t\t\t\t<\/a>\n\t\t\t\t\t<\/div>\n\t\t\t\t\t\t\t<\/div>\n\t\t<\/div>\n\t\t\t\t<div class=\"data-gallery\" data-gallery=\"[{&quot;src&quot;:&quot;https:\\\/\\\/sultantourism.com\\\/wp-content\\\/uploads\\\/2023\\\/06\\\/1-SEATER-POLARIS-BUGGY-DUBAI-TOUR.jpg&quot;,&quot;caption&quot;:&quot;1 SEATER POLARIS BUGGY DUBAI TOUR&quot;,&quot;thumb&quot;:&quot;https:\\\/\\\/sultantourism.com\\\/wp-content\\\/uploads\\\/2023\\\/06\\\/1-SEATER-POLARIS-BUGGY-DUBAI-TOUR.jpg&quot;},{&quot;src&quot;:&quot;https:\\\/\\\/sultantourism.com\\\/wp-content\\\/uploads\\\/2023\\\/06\\\/4-SEATER-CANAM-BUGGY-TOUR.jpg&quot;,&quot;caption&quot;:&quot;4 SEATER CANAM BUGGY TOUR&quot;,&quot;thumb&quot;:&quot;https:\\\/\\\/sultantourism.com\\\/wp-content\\\/uploads\\\/2023\\\/06\\\/4-SEATER-CANAM-BUGGY-TOUR.jpg&quot;},{&quot;src&quot;:&quot;https:\\\/\\\/sultantourism.com\\\/wp-content\\\/uploads\\\/2023\\\/06\\\/4-SEATER-CANAM-BUGGY-TOUR1-HOUR.jpg&quot;,&quot;caption&quot;:&quot;4 SEATER CANAM BUGGY TOUR(1 HOUR)&quot;,&quot;thumb&quot;:&quot;https:\\\/\\\/sultantourism.com\\\/wp-content\\\/uploads\\\/2023\\\/06\\\/4-SEATER-CANAM-BUGGY-TOUR1-HOUR.jpg&quot;},{&quot;src&quot;:&quot;https:\\\/\\\/sultantourism.com\\\/wp-content\\\/uploads\\\/2023\\\/06\\\/CAN-AM-BUGGY-TOUR1-HOUR.jpg&quot;,&quot;caption&quot;:&quot;CAN-AM BUGGY TOUR(1 HOUR)&quot;,&quot;thumb&quot;:&quot;https:\\\/\\\/sultantourism.com\\\/wp-content\\\/uploads\\\/2023\\\/06\\\/CAN-AM-BUGGY-TOUR1-HOUR.jpg&quot;},{&quot;src&quot;:&quot;https:\\\/\\\/sultantourism.com\\\/wp-content\\\/uploads\\\/2023\\\/06\\\/CAN-AM-BUGGY-TOUR30-MINS.jpg&quot;,&quot;caption&quot;:&quot;CAN-AM BUGGY TOUR(30 MINS)&quot;,&quot;thumb&quot;:&quot;https:\\\/\\\/sultantourism.com\\\/wp-content\\\/uploads\\\/2023\\\/06\\\/CAN-AM-BUGGY-TOUR30-MINS.jpg&quot;},{&quot;src&quot;:&quot;https:\\\/\\\/sultantourism.com\\\/wp-content\\\/uploads\\\/2023\\\/06\\\/DUNE-BUGGY-TOUR.jpg&quot;,&quot;caption&quot;:&quot;DUNE BUGGY TOUR&quot;,&quot;thumb&quot;:&quot;https:\\\/\\\/sultantourism.com\\\/wp-content\\\/uploads\\\/2023\\\/06\\\/DUNE-BUGGY-TOUR.jpg&quot;},{&quot;src&quot;:&quot;https:\\\/\\\/sultantourism.com\\\/wp-content\\\/uploads\\\/2023\\\/06\\\/4-SEATER-BUGGY-TOUR2-HOURS.jpg&quot;,&quot;caption&quot;:&quot;4 SEATER BUGGY TOUR(2 HOURS&quot;,&quot;thumb&quot;:&quot;https:\\\/\\\/sultantourism.com\\\/wp-content\\\/uploads\\\/2023\\\/06\\\/4-SEATER-BUGGY-TOUR2-HOURS.jpg&quot;}]\"><\/div>\n\t<\/div>\n\t\t\t\t\t\n\t\t\t\t<\/div>\n\t\t\t\t\t\t\t<\/div>\n\t\t\t\t<\/div>\n\t\t\t\t<div class=\"elementor-element elementor-element-5708658f elementor-widget elementor-widget-ovabrw_product_table_price\" data-id=\"5708658f\" data-element_type=\"widget\" data-widget_type=\"ovabrw_product_table_price.default\">\n\t\t\t\t<div class=\"elementor-widget-container\">\n\t\t\t\t\t\t\t\t\t<div class=\"elementor-table-price\">\n\t\t\t\t\t<div class=\"product_table_price\">\n\t<!-- Period time -->\n\t\t\t<div class=\"ovacrs_price_rent ovacrs_hourly_rent\">\n\t\t\t<h3 class=\"ovabrw-according\"  href=\"#\" role=\"button\" >\n\t\t\t\tTable Price &amp; Discount\t\t\t<\/h3>\n\t\t\t<div class=\"ovabrw_collapse_content show\" >\n\t\t\t\t\t<div class=\"price_table\">\n\t\t<label>\n\t\t\t30 Minutes Tour : <span class=\"woocommerce-Price-amount amount\"><bdi><span class=\"woocommerce-Price-currencySymbol\">\u062f.\u0625<\/span>700.00<\/bdi><\/span>\t\t<\/label>\n\t\t\t<\/div>\n\t<div class=\"price_table\">\n\t\t<label>\n\t\t\t1 heure de visite : <span class=\"woocommerce-Price-amount amount\"><bdi><span class=\"woocommerce-Price-currencySymbol\">\u062f.\u0625<\/span>1,200.00<\/bdi><\/span>\t\t<\/label>\n\t\t\t<\/div>\n\t<div class=\"price_table\">\n\t\t<label>\n\t\t\t2 heures Tour : <span class=\"woocommerce-Price-amount amount\"><bdi><span class=\"woocommerce-Price-currencySymbol\">\u062f.\u0625<\/span>2,000.00<\/bdi><\/span>\t\t<\/label>\n\t\t\t<\/div>\n\t<div class=\"price_table\">\n\t\t<label>\n\t\t\t3 heures Tour : <span class=\"woocommerce-Price-amount amount\"><bdi><span class=\"woocommerce-Price-currencySymbol\">\u062f.\u0625<\/span>2,750.00<\/bdi><\/span>\t\t<\/label>\n\t\t\t<\/div>\n\t<div class=\"price_table\">\n\t\t<label>\n\t\t\t4 heures Tour : <span class=\"woocommerce-Price-amount amount\"><bdi><span class=\"woocommerce-Price-currencySymbol\">\u062f.\u0625<\/span>3,500.00<\/bdi><\/span>\t\t<\/label>\n\t\t\t<\/div>\n\t\t\t<\/div>\n\t\t<\/div>\n\t\n\t<!-- Hourly Rent -->\n\t\n\t<!-- Daily Rent -->\n\t<\/div>\t\t\t\t<\/div>\n\t\t\t\t\t\t\t<\/div>\n\t\t\t\t<\/div>\n\t\t\t\t\t<\/div>\n\t\t<\/div>\n\t\t\t\t<div class=\"elementor-column elementor-col-50 elementor-top-column elementor-element elementor-element-393bbf64\" data-id=\"393bbf64\" data-element_type=\"column\">\n\t\t\t<div class=\"elementor-widget-wrap elementor-element-populated\">\n\t\t\t\t\t\t<section class=\"elementor-section elementor-inner-section elementor-element elementor-element-7e44016b elementor-section-boxed elementor-section-height-default elementor-section-height-default\" data-id=\"7e44016b\" data-element_type=\"section\">\n\t\t\t\t\t\t<div class=\"elementor-container elementor-column-gap-default\">\n\t\t\t\t\t<div class=\"elementor-column elementor-col-50 elementor-inner-column elementor-element elementor-element-34627bb9\" data-id=\"34627bb9\" data-element_type=\"column\">\n\t\t\t<div class=\"elementor-widget-wrap elementor-element-populated\">\n\t\t\t\t\t\t<div class=\"elementor-element elementor-element-4016dbeb elementor-widget elementor-widget-ovabrw_product_title\" data-id=\"4016dbeb\" data-element_type=\"widget\" data-widget_type=\"ovabrw_product_title.default\">\n\t\t\t\t<div class=\"elementor-widget-container\">\n\t\t\t\t\t\t\t\t\t<div class=\"ovabrw-modern-product\">\n\t\t\t\t\t\t<h2 class=\"ovabrw-product-title\">Promenade en buggy<\/h2>\n\t\t\t\t<\/div>\n\t\t\t\t\t\t\t<\/div>\n\t\t\t\t<\/div>\n\t\t\t\t<div class=\"elementor-element elementor-element-5964d648 elementor-widget elementor-widget-ovabrw_product_rating\" data-id=\"5964d648\" data-element_type=\"widget\" data-widget_type=\"ovabrw_product_rating.default\">\n\t\t\t\t<div class=\"elementor-widget-container\">\n\t\t\t\t\t\t\t\t\t<div class=\"elementor-rating\">\n\t\t\t\t\t\r\n<div class=\"woocommerce-product-rating\" itemprop=\"aggregateRating\" itemscope itemtype=\"https:\/\/schema.org\/AggregateRating\">\r\n\t<div class=\"star-rating\" title=\"Rated 0 out of 5\">\r\n\t\t<span style=\"width:0%\">\r\n\t\t\t<strong itemprop=\"ratingValue\" class=\"rating\">0<\/strong> out of <span itemprop=\"bestRating\">5<\/span>\t\t\tbased on <span itemprop=\"ratingCount\" class=\"rating\">0<\/span> customer ratings\t\t<\/span>\r\n\t<\/div>\r\n\t<\/div>\t\t\t\t<\/div>\n\t\t\t\t\t\t\t<\/div>\n\t\t\t\t<\/div>\n\t\t\t\t\t<\/div>\n\t\t<\/div>\n\t\t\t\t<div class=\"elementor-column elementor-col-50 elementor-inner-column elementor-element elementor-element-16de763a\" data-id=\"16de763a\" data-element_type=\"column\">\n\t\t\t<div class=\"elementor-widget-wrap elementor-element-populated\">\n\t\t\t\t\t\t<div class=\"elementor-element elementor-element-110691b1 elementor-widget elementor-widget-ovabrw_product_price\" data-id=\"110691b1\" data-element_type=\"widget\" data-widget_type=\"ovabrw_product_price.default\">\n\t\t\t\t<div class=\"elementor-widget-container\">\n\t\t\t\t\t\t\t\t\t<div class=\"elementor-price\">\n\t\t\t\t\t            <p class=\"ovabrw-price price\">\n            <span class=\"amount\"><span class=\"woocommerce-Price-amount amount\"><bdi><span class=\"woocommerce-Price-currencySymbol\">\u062f.\u0625<\/span>700.00<\/bdi><\/span> - <span class=\"woocommerce-Price-amount amount\"><bdi><span class=\"woocommerce-Price-currencySymbol\">\u062f.\u0625<\/span>3,500.00<\/bdi><\/span><\/span>\n        <\/p>\n    \t\t\t\t<\/div>\n\t\t\t\t\t\t\t<\/div>\n\t\t\t\t<\/div>\n\t\t\t\t\t<\/div>\n\t\t<\/div>\n\t\t\t\t\t<\/div>\n\t\t<\/section>\n\t\t\t\t<div class=\"elementor-element elementor-element-1a40638 elementor-widget elementor-widget-ovabrw_product_specifications\" data-id=\"1a40638\" data-element_type=\"widget\" data-widget_type=\"ovabrw_product_specifications.default\">\n\t\t\t\t<div class=\"elementor-widget-container\">\n\t\t\t\t\t\t\t\t\t<div class=\"elementor-features\">\n\t\t\t\t\t\t<ul class=\"ovabrw-product-specifications\">\n\t\t\t\t\t<li class=\"item-specification\">\n\t\t\t\t\t\t\t\t\t\t\t\t\t<label>Localisation : <\/label>\n\t\t\t\t\t\t\t\t\t\t\t\t\t<span>Duba\u00ef, EAU<\/span>\n\t\t\t\t\t\t\t<\/li>\n\t\t\t\t\t<li class=\"item-specification\">\n\t\t\t\t\t\t\t\t\t\t\t\t\t<label>Contact : <\/label>\n\t\t\t\t\t\t\t\t\t\t\t\t\t<span>\n\t\t\t\t\t\t<a href=\"tel:971551800860\">\n\t\t\t\t\t\t\t+971 55 1800 860\t\t\t\t\t\t<\/a>\n\t\t\t\t\t<\/span>\n\t\t\t\t\t\t\t<\/li>\n\t\t\t<\/ul>\n\t\t\t\t<\/div>\n\t\t\t\t\t\t\t<\/div>\n\t\t\t\t<\/div>\n\t\t\t\t<div class=\"elementor-element elementor-element-8dca0ee elementor-widget elementor-widget-ovabrw_product_short_description\" data-id=\"8dca0ee\" data-element_type=\"widget\" data-widget_type=\"ovabrw_product_short_description.default\">\n\t\t\t\t<div class=\"elementor-widget-container\">\n\t\t\t\t\t\t\t\t\t<div class=\"ovabrw-modern-product\">\n\t\t\t\t\t\t<div class=\"ovabrw-product-short-description\">\n\t\t<p>Nos buggys des dunes sont \u00e9quip\u00e9s de dispositifs de s\u00e9curit\u00e9 avanc\u00e9s pour les aventures dans le d\u00e9sert, notamment des harnais de course \u00e0 4 points, des portes et des arceaux de s\u00e9curit\u00e9 complets. Tout l'\u00e9quipement de protection est fourni - aseptis\u00e9, nettoy\u00e9 et de qualit\u00e9 sup\u00e9rieure. Nos guides professionnels vous emm\u00e8neront \u00e0 travers notre terrain de jeu d\u00e9sertique avec des collations, des rafra\u00eechissements et des planches de sable en cours de route. Vous vouliez des souvenirs pour la vie - venez et prenez-les.<\/p>\n\t<\/div>\n\t\t\t\t<\/div>\n\t\t\t\t\t\t\t\t\t\t<\/div>\n\t\t\t\t<\/div>\n\t\t\t\t<div class=\"elementor-element elementor-element-1468004e elementor-widget elementor-widget-ovabrw_product_booking_form\" data-id=\"1468004e\" data-element_type=\"widget\" data-widget_type=\"ovabrw_product_booking_form.default\">\n\t\t\t\t<div class=\"elementor-widget-container\">\n\t\t\t\t\t\t\t\t\t<div class=\"ovabrw-modern-product\">\n\t\t\t\t\t\t<div class=\"ovabrw-product-form-tabs\">\n\t\t<div class=\"ovabrw-tab-head\">\n\t\t\t\t\t\t\t<div class=\"item-tab modern-booking-tab active\" data-id=\"modern-booking\">\n\t\t\t\t\tBooking Form\t\t\t\t<\/div>\n\t\t\t\t<div class=\"item-tab modern-request-tab\" data-id=\"modern-request\">\n\t\t\t\t\tRequest Booking\t\t\t\t<\/div>\n\t\t\t\t\t<\/div>\n\t\t<div class=\"ovabrw-tab-content\">\n\t\t\t\t\t\t\t<div class=\"item-content active\" id=\"modern-booking\">\n\t\t\t\t\t<form\n\taction=\"\"\n\tmethod=\"POST\"\n\tenctype=\"multipart\/form-data\"\n\tid=\"booking_form\"\n\tclass=\"ovabrw-form\"\n\tdata-mesg_required=\"This field is required.\"\n\tdata-run_ajax=\"true\" data-trp-original-action=\"\">\n\t<div class=\"ovabrw-product-fields\">\n\t\t\t<!-- Period of Time -->\n\t\t\t<div class=\"rental_item\">\n\t\t<label>\n\t\t\tPick-up Date\t\t<\/label>\n\t\t<div class=\"error_item\">\n\t\t\t<label>\n\t\t\t\tThis field is required\t\t\t<\/label>\n\t\t<\/div>\n\t\t<input\n\t\t\ttype=\"text\"\n\t\t\tname=\"ovabrw_pickup_date\"\n\t\t\tdefault_hour=\"7:00 AM\"\n\t\t\ttime_to_book=\"07:00, 07:30, 08:00, 08:30, 09:00, 09:30, 10:00, 10:30, 11:00, 11:30, 12:00, 12:30, 13:00, 13:30, 14:00, 14:30, 15:00, 15:30, 16:00, 16:30, 17:00, 17:30, 18:00\"\n\t\t\tclass=\"required ovabrw_datetimepicker ovabrw_start_date startdate_perido_time\"\n\t\t\tplaceholder=\"d-m-Y g:i A\"\n\t\t\tvalue=\"\"\n\t\t\torder_time=\"[]\"\n\t\t\tdata-pid=\"23717\"\n\t\t\ttimepicker=\"true\"\n\t\t\tdata-firstday=\"0\"\n\t\t\tdata-preparation-time=\"\"\n\t\t\tdata-disable-week-day=\"[]\"\n\t\t\tautocomplete=\"off\"\n\t\t\tonfocus=\"blur();\"\n\t\t\/>\n\t<\/div>\n\t\t\t\t<div class=\"rental_item\">\n\t\t\t<label>\n\t\t\t\tChoose Package\t\t\t<\/label>\n\t\t\t<div class=\"error_item\">\n\t\t\t\t<label>\n\t\t\t\t\tThis field is required\t\t\t\t<\/label>\n\t\t\t<\/div>\n\t\t\t<div class=\"period_package\">\n\t\t\t\t<select name=\"ovabrw_period_package_id\" class=\"required\">\n\t\t\t\t\t<option value=\"\">Select Package<\/option>\n\t\t\t\t\t\t\t\t\t\t\t<option value=\"30 Minutes\"> \n\t\t\t\t\t\t\tVisite de 30 minutes \n\t\t\t\t\t\t<\/option>\n\t\t\t\t\t\t\t\t\t\t\t<option value=\"1 Hour\"> \n\t\t\t\t\t\t\t1 heure de visite \n\t\t\t\t\t\t<\/option>\n\t\t\t\t\t\t\t\t\t\t\t<option value=\"2 Hours\"> \n\t\t\t\t\t\t\t2 heures de visite \n\t\t\t\t\t\t<\/option>\n\t\t\t\t\t\t\t\t\t\t\t<option value=\"3 Hours\"> \n\t\t\t\t\t\t\t3 heures de visite \n\t\t\t\t\t\t<\/option>\n\t\t\t\t\t\t\t\t\t\t\t<option value=\"4 Hours\"> \n\t\t\t\t\t\t\tCircuit de 4 heures \n\t\t\t\t\t\t<\/option>\n\t\t\t\t\t\t\t\t\t<\/select>\n\t\t\t<\/div>\n\t\t<\/div>\n\t\t<!-- End Period of Time -->\n\t<div class=\"rental_item\">\n\t\t<label>Quantity<\/label>\n\t\t<div class=\"error_item\">\n\t\t\t<label>This field is required<\/label>\n\t\t<\/div>\n\t\t<input\n\t\t\ttype=\"number\"\n\t\t\tclass=\"required\"\n\t\t\tname=\"ovabrw_number_vehicle\"\n\t\t\tvalue=\"1\"\n\t\t\tmin=\"1\"\n\t\t\tmax=\"1\"\n\t\t\/>\n\t<\/div>\n\t\t\t<\/div>\n\t\t\t\t<div class=\"ajax_show_total\">\n\t<div class=\"show_ajax_content\">\n\t\tTotal:&nbsp;\n\t\t<span class=\"show_total\"><\/span>\n\t\t\t\t\tItems available:\t\t\t<span class=\"show_availables_vehicle\"><\/span>\n\t\t\t\t\t<\/div>\n\t<div class=\"ajax-show-error\"><\/div>\n<\/div>\t<button type=\"submit\" class=\"submit\" disabled>\n\tR\u00e9server\t<div class=\"ajax_loading\">\n\t\t<div><\/div><div><\/div><div><\/div><div><\/div>\n\t\t<div><\/div><div><\/div><div><\/div><div><\/div>\n\t\t<div><\/div><div><\/div><div><\/div><div><\/div>\n\t<\/div>\n<\/button>\n<input type=\"hidden\" name=\"ovabrw_rental_type\" value=\"period_time\" \/>\n<input type=\"hidden\" name=\"car_id\" value=\"23717\" \/>\n<input type=\"hidden\" name=\"defined_one_day\" value=\"\" \/>\n<input type=\"hidden\" name=\"custom_product_type\" value=\"ovabrw_car_rental\" \/>\n<input type=\"hidden\" name=\"add-to-cart\" value=\"23717\" \/><input type=\"hidden\" name=\"trp-form-language\" value=\"fr\"\/><\/form>\t\t\t\t<\/div>\n\t\t\t\t<div class=\"item-content\" id=\"modern-request\">\n\t\t\t\t\t\n<form\n\tclass=\"form ovabrw-form\"\n\tid=\"request_booking\"\n\taction=\"https:\/\/sultantourism.com\/fr\/\"\n\tmethod=\"post\"\n\tenctype=\"multipart\/form-data\"\n\tdata-mesg_required=\"This field is required.\" data-trp-original-action=\"https:\/\/sultantourism.com\/fr\/\">\n\t<div class=\"ovabrw-product-fields\">\n\t\t<div class=\"rental_item\">\n\t<label>Name<\/label>\n\t<div class=\"error_item\">\n\t\t<label>This field is required<\/label>\n\t<\/div>\n\t<input\n\t\ttype=\"text\"\n\t\tclass=\"required\"\n\t\tname=\"name\"\n\t\tplaceholder=\"Your name\"\n\t\/>\n<\/div>\n<div class=\"rental_item\">\n\t<label>Courriel<\/label>\n\t<div class=\"error_item\">\n\t\t<label>This field is required<\/label>\n\t<\/div>\n\t<input\n\t\ttype=\"text\"\n\t\tclass=\"required\"\n\t\tname=\"email\"\n\t\tplaceholder=\"your_email@gmail.com\"\n\t\/>\t\n<\/div>\n\t<div class=\"rental_item\">\n\t\t<label>Phone<\/label>\n\t\t<div class=\"error_item\">\n\t\t\t<label>This field is required<\/label>\n\t\t<\/div>\n\t\t<input\n\t\t\ttype=\"text\"\n\t\t\tclass=\"required\"\n\t\t\tname=\"number\"\n\t\t\tplaceholder=\"Your phone\"\n\t\t\/>\n\t<\/div>\n\t<div class=\"rental_item\">\n\t\t<label>Address<\/label>\n\t\t<div class=\"error_item\">\n\t\t<label>This field is required<\/label>\n\t<\/div>\n\t\t<input\n\t\t\ttype=\"text\"\n\t\t\tclass=\"required\"\n\t\t\tname=\"address\"\n\t\t\tplaceholder=\"Your address\"\n\t\t\/>\t\n\t<\/div>\n\t<!-- Period of Time -->\n\t\t\t<div class=\"rental_item\">\n\t\t<label>Pick-up Date<\/label>\n\t\t<div class=\"error_item\">\n\t\t\t<label>This field is required<\/label>\n\t\t<\/div>\n\t\t<input\n\t\t\ttype=\"text\"\n\t\t\tname=\"pickup_date\"\n\t\t\tdefault_hour=\"7:00 AM\"\n\t\t\ttime_to_book=\"07:00, 07:30, 08:00, 08:30, 09:00, 09:30, 10:00, 10:30, 11:00, 11:30, 12:00, 12:30, 13:00, 13:30, 14:00, 14:30, 15:00, 15:30, 16:00, 16:30, 17:00, 17:30, 18:00\"\n\t\t\tclass=\"required ovabrw_start_date ovabrw_datetimepicker\"\n\t\t\tplaceholder=\"d-m-Y g:i A\"\n\t\t\tvalue=\"\"\n\t\t\torder_time=\"[]\"\n\t\t\ttimepicker=\"true\"\n\t\t\tdata-preparation-time=\"\"\n\t\t\tautocomplete=\"off\"\n\t\t\tonfocus=\"blur();\"\n\t\t\/>\t\n\t<\/div>\n\t\t\t<div class=\"rental_item\">\n\t\t\t<label>Choose Package<\/label>\n\t\t\t<div class=\"error_item\">\n\t\t\t\t<label>This field is required<\/label>\n\t\t\t<\/div>\n\t\t\t<div class=\"period_package\">\n\t\t\t\t<select name=\"ovabrw_period_package_id\" class=\"required\">\n\t\t\t\t\t<option value=\"\">Select Package<\/option>\n\t\t\t\t\t\t\t\t\t\t\t<option value=\"30 Minutes\">\n\t\t\t\t\t\t\tVisite de 30 minutes\t\t\t\t\t\t<\/option>\n\t\t\t\t\t\t\t\t\t\t\t<option value=\"1 Hour\">\n\t\t\t\t\t\t\t1 heure de visite\t\t\t\t\t\t<\/option>\n\t\t\t\t\t\t\t\t\t\t\t<option value=\"2 Hours\">\n\t\t\t\t\t\t\t2 heures de visite\t\t\t\t\t\t<\/option>\n\t\t\t\t\t\t\t\t\t\t\t<option value=\"3 Hours\">\n\t\t\t\t\t\t\t3 heures de visite\t\t\t\t\t\t<\/option>\n\t\t\t\t\t\t\t\t\t\t\t<option value=\"4 Hours\">\n\t\t\t\t\t\t\tCircuit de 4 heures\t\t\t\t\t\t<\/option>\n\t\t\t\t\t\t\t\t\t<\/select>\n\t\t\t<\/div>\n\t\t<\/div>\n\t\t<!-- End Period of Time -->\n\t\t\t<\/div>\n\t\t\t\t\t<div class=\"ovabrw-request-extra\">\n\t\t\t<label>Extra Information<\/label>\n\t\t\t<textarea name=\"extra\"><\/textarea>\n\t\t<\/div>\n\t\t<div class=\"ovabrw-request-form-error\"><\/div>\n<button type=\"submit\" class=\"submit\">\n\tEnvoyer\t<div class=\"ajax_loading\">\n\t\t<div><\/div><div><\/div><div><\/div><div><\/div>\n\t\t<div><\/div><div><\/div><div><\/div><div><\/div>\n\t\t<div><\/div><div><\/div><div><\/div><div><\/div>\n\t<\/div>\n<\/button>\n<input type=\"hidden\" name=\"product_name\" value=\"Buggy Ride\" \/>\n<input type=\"hidden\" name=\"product_id\" value=\"23717\" \/>\n<input type=\"hidden\" name=\"ovabrw_rental_type\" value=\"period_time\" \/>\n<input type=\"hidden\" name=\"request_booking\" value=\"request_booking\" \/><input type=\"hidden\" name=\"trp-form-language\" value=\"fr\"\/><\/form>\t\t\t\t<\/div>\n\t\t\t\t\t<\/div>\n\t<\/div>\n\t\t\t\t<\/div>\n\t\t\t\t\t\t\t<\/div>\n\t\t\t\t<\/div>\n\t\t\t\t<div class=\"elementor-element elementor-element-15ecdb39 elementor-widget elementor-widget-ovabrw_product_calendar\" data-id=\"15ecdb39\" data-element_type=\"widget\" data-widget_type=\"ovabrw_product_calendar.default\">\n\t\t\t\t<div class=\"elementor-widget-container\">\n\t\t\t\t\t\t\t\t\t<div class=\"elementor-calendar\">\n\t\t\t\t\t<div class=\"wrap_calendar\">\n\t<div  \n\t\tclass=\"ovabrw__product_calendar\" \n\t\tdata-number_limit=\"1\" \n\t\tdata-lang=\"en\" \n\t\tdata-nav=\"dayGridMonth,timeGridWeek,timeGridDay,listWeek\" \n\t\tdata-default_view=\"dayGridMonth\" \n\t\tdata-first-day=\"0\" \n\t\tdata-special-time='[]' \n\t\tdata-background-day='#fa4747' \n\t\tdata-disable_week_day='[]' \n\t\tdefault_hour_start=\"7:00 AM\"  \n\t\ttime_to_book_start=\"07:00, 07:30, 08:00, 08:30, 09:00, 09:30, 10:00, 10:30, 11:00, 11:30, 12:00, 12:30, 13:00, 13:30, 14:00, 14:30, 15:00, 15:30, 16:00, 16:30, 17:00, 17:30, 18:00\" \n\t\tprice_calendar='[]' \n\t\ttype_price='period_time' \n\t\torder_time=''\n\t\tdata_event_number=\"2\">\n\t<\/div>\n<\/div>\n<ul class=\"intruction_calendar\">\n\t<li>\n\t\t<span class=\"white\"><\/span>\n\t\t<span>Available<\/span>\t\t\n\t<\/li>\n\t\t<li>\n\t\t<span class=\"yellow\"><\/span>\n\t\t<span>Unavailable<\/span>\n\t<\/li>\n<\/ul>\t\t\t\t<\/div>\n\t\t\t\t\t\t\t<\/div>\n\t\t\t\t<\/div>\n\t\t\t\t\t<\/div>\n\t\t<\/div>\n\t\t\t\t\t<\/div>\n\t\t<\/section>\n\t\t\t\t<section class=\"elementor-section elementor-top-section elementor-element elementor-element-3e9ee5c8 elementor-section-boxed elementor-section-height-default elementor-section-height-default\" data-id=\"3e9ee5c8\" data-element_type=\"section\">\n\t\t\t\t\t\t<div class=\"elementor-container elementor-column-gap-default\">\n\t\t\t\t\t<div class=\"elementor-column elementor-col-100 elementor-top-column elementor-element elementor-element-4ed32c05\" data-id=\"4ed32c05\" data-element_type=\"column\">\n\t\t\t<div class=\"elementor-widget-wrap elementor-element-populated\">\n\t\t\t\t\t\t<div class=\"elementor-element elementor-element-70598f32 elementor-widget elementor-widget-ovabrw_product_related\" data-id=\"70598f32\" data-element_type=\"widget\" data-widget_type=\"ovabrw_product_related.default\">\n\t\t\t\t<div class=\"elementor-widget-container\">\n\t\t\t\t\t\t\t\t\t<div class=\"ovabrw-modern-product ovabrw-product-related-widget\">\n\t\t\t\t\t\t<div class=\"ovabrw-related-products\">\n\t\t<div class=\"head-related\">\n\t\t\t<h2>Related products<\/h2>\n\t\t\t\t\t\t\t<a href=\"https:\/\/sultantourism.com\/fr\/categorie-produit\/buggy-rentals\/\">View All<\/a>\n\t\t\t\t\t<\/div>\n\t\t\t\t\t\t<div class=\"related-products-list\">\n\t\t\t\t\t\t\t\t<\/div>\n\t<\/div>\n\t\t\t\t\t<\/div>\n\t\t\t\t\t\t\t<\/div>\n\t\t\t\t<\/div>\n\t\t\t\t\t<\/div>\n\t\t<\/div>\n\t\t\t\t\t<\/div>\n\t\t<\/section>\n\t\t\t\t<\/div>","protected":false},"excerpt":{"rendered":"<p>Table Price &amp; Discount 30 Minutes Tour : AED 700.00 1 Hour Tour : AED 1,200.00 2 Hours Tour : AED 2,000.00 3 Hours Tour : AED 2,750.00 4 Hours Tour : AED 3,500.00 Buggy Ride 0 out of 5 based on 0 customer ratings AED 700.00 &#8211; AED 3,500.00 Location: Dubai, UAE Contact: +971 [&hellip;]<\/p>","protected":false},"author":6,"featured_media":0,"parent":0,"menu_order":0,"comment_status":"closed","ping_status":"closed","template":"","meta":{"footnotes":""},"class_list":["post-31","page","type-page","status-publish","hentry"],"_links":{"self":[{"href":"https:\/\/sultantourism.com\/fr\/wp-json\/wp\/v2\/pages\/31","targetHints":{"allow":["GET"]}}],"collection":[{"href":"https:\/\/sultantourism.com\/fr\/wp-json\/wp\/v2\/pages"}],"about":[{"href":"https:\/\/sultantourism.com\/fr\/wp-json\/wp\/v2\/types\/page"}],"author":[{"embeddable":true,"href":"https:\/\/sultantourism.com\/fr\/wp-json\/wp\/v2\/users\/6"}],"replies":[{"embeddable":true,"href":"https:\/\/sultantourism.com\/fr\/wp-json\/wp\/v2\/comments?post=31"}],"version-history":[{"count":11,"href":"https:\/\/sultantourism.com\/fr\/wp-json\/wp\/v2\/pages\/31\/revisions"}],"predecessor-version":[{"id":23892,"href":"https:\/\/sultantourism.com\/fr\/wp-json\/wp\/v2\/pages\/31\/revisions\/23892"}],"wp:attachment":[{"href":"https:\/\/sultantourism.com\/fr\/wp-json\/wp\/v2\/media?parent=31"}],"curies":[{"name":"wp","href":"https:\/\/api.w.org\/{rel}","templated":true}]}}