{"id":23717,"date":"2024-05-20T13:36:35","date_gmt":"2024-05-20T09:36:35","guid":{"rendered":"https:\/\/sultantourism.com\/?post_type=product&#038;p=23717"},"modified":"2024-05-21T19:32:38","modified_gmt":"2024-05-21T15:32:38","slug":"buggy-ride","status":"publish","type":"product","link":"https:\/\/sultantourism.com\/fr\/produit\/buggy-ride\/","title":{"rendered":"Promenade en buggy"},"content":{"rendered":"<p>Are you searching for the pure thrill and beauty of the Arabian desert? Do you long for more than broken promises and average service \u2013 an experience that takes you beyond your wildest imagination? We have dedicated our company\u2019s existence to delivering tours that exceed expectation and that deliver on immaculate quality and absolute touring pleasure.<\/p>\n<p>Big Red Adventure Tours offers the best maintained fleet in the industry without question. The real question is: are you ready to take on the desert in this powerful, safe and adrenaline filled adventure sport?<\/p>\n<p>Take your ultimate pick between our fleet of Polaris RS1\u2019s (1-Seater), our Can-Am X3 Turbo (2-Seaters and 4-Seaters) or take on The Berserker \u2013 our brand-new Can-Am Maverick R \u2013 240 HP (2-Seater)<\/p>\n<p>&nbsp;<\/p>","protected":false},"excerpt":{"rendered":"<p>Nos buggys des dunes sont \u00e9quip\u00e9s de dispositifs de s\u00e9curit\u00e9 avanc\u00e9s pour les aventures dans le d\u00e9sert, notamment des harnais de course \u00e0 4 points, des portes et des arceaux de s\u00e9curit\u00e9 complets. Tout l'\u00e9quipement de protection est fourni - aseptis\u00e9, nettoy\u00e9 et de qualit\u00e9 sup\u00e9rieure. Nos guides professionnels vous emm\u00e8neront \u00e0 travers notre terrain de jeu d\u00e9sertique avec des collations, des rafra\u00eechissements et des planches de sable en cours de route. Vous vouliez des souvenirs pour la vie - venez et prenez-les.<\/p>","protected":false},"featured_media":1511,"comment_status":"open","ping_status":"closed","template":"","meta":[],"product_brand":[],"product_cat":[191],"product_tag":[],"class_list":{"0":"post-23717","1":"product","2":"type-product","3":"status-publish","4":"has-post-thumbnail","6":"product_cat-buggy-rentals","8":"first","9":"instock","10":"shipping-taxable","11":"purchasable","12":"product-type-ovabrw_car_rental"},"_links":{"self":[{"href":"https:\/\/sultantourism.com\/fr\/wp-json\/wp\/v2\/product\/23717","targetHints":{"allow":["GET"]}}],"collection":[{"href":"https:\/\/sultantourism.com\/fr\/wp-json\/wp\/v2\/product"}],"about":[{"href":"https:\/\/sultantourism.com\/fr\/wp-json\/wp\/v2\/types\/product"}],"replies":[{"embeddable":true,"href":"https:\/\/sultantourism.com\/fr\/wp-json\/wp\/v2\/comments?post=23717"}],"wp:featuredmedia":[{"embeddable":true,"href":"https:\/\/sultantourism.com\/fr\/wp-json\/wp\/v2\/media\/1511"}],"wp:attachment":[{"href":"https:\/\/sultantourism.com\/fr\/wp-json\/wp\/v2\/media?parent=23717"}],"wp:term":[{"taxonomy":"product_brand","embeddable":true,"href":"https:\/\/sultantourism.com\/fr\/wp-json\/wp\/v2\/product_brand?post=23717"},{"taxonomy":"product_cat","embeddable":true,"href":"https:\/\/sultantourism.com\/fr\/wp-json\/wp\/v2\/product_cat?post=23717"},{"taxonomy":"product_tag","embeddable":true,"href":"https:\/\/sultantourism.com\/fr\/wp-json\/wp\/v2\/product_tag?post=23717"}],"curies":[{"name":"wp","href":"https:\/\/api.w.org\/{rel}","templated":true}]}}