{"id":23726,"date":"2024-05-20T23:06:30","date_gmt":"2024-05-20T19:06:30","guid":{"rendered":"https:\/\/sultantourism.com\/?post_type=product&#038;p=23726"},"modified":"2024-05-20T23:07:27","modified_gmt":"2024-05-20T19:07:27","slug":"quad-ride-double-seater","status":"publish","type":"product","link":"https:\/\/sultantourism.com\/fr\/produit\/quad-ride-double-seater\/","title":{"rendered":"Balade en quad (deux places)"},"content":{"rendered":"","protected":false},"excerpt":{"rendered":"<p>D\u00c9COUVREZ LES PISTES INEXPLOR\u00c9ES DU D\u00c9SERT D'ARABIE EN FON\u00c7ANT DANS LE SABLE SUR LES PUISSANTS QUADS PROPOS\u00c9S PAR BIG RED.<\/p>","protected":false},"featured_media":2254,"comment_status":"open","ping_status":"closed","template":"","meta":[],"product_brand":[],"product_cat":[192],"product_tag":[],"class_list":{"0":"post-23726","1":"product","2":"type-product","3":"status-publish","4":"has-post-thumbnail","6":"product_cat-quad-rentals","8":"first","9":"instock","10":"shipping-taxable","11":"purchasable","12":"product-type-ovabrw_car_rental"},"_links":{"self":[{"href":"https:\/\/sultantourism.com\/fr\/wp-json\/wp\/v2\/product\/23726","targetHints":{"allow":["GET"]}}],"collection":[{"href":"https:\/\/sultantourism.com\/fr\/wp-json\/wp\/v2\/product"}],"about":[{"href":"https:\/\/sultantourism.com\/fr\/wp-json\/wp\/v2\/types\/product"}],"replies":[{"embeddable":true,"href":"https:\/\/sultantourism.com\/fr\/wp-json\/wp\/v2\/comments?post=23726"}],"wp:featuredmedia":[{"embeddable":true,"href":"https:\/\/sultantourism.com\/fr\/wp-json\/wp\/v2\/media\/2254"}],"wp:attachment":[{"href":"https:\/\/sultantourism.com\/fr\/wp-json\/wp\/v2\/media?parent=23726"}],"wp:term":[{"taxonomy":"product_brand","embeddable":true,"href":"https:\/\/sultantourism.com\/fr\/wp-json\/wp\/v2\/product_brand?post=23726"},{"taxonomy":"product_cat","embeddable":true,"href":"https:\/\/sultantourism.com\/fr\/wp-json\/wp\/v2\/product_cat?post=23726"},{"taxonomy":"product_tag","embeddable":true,"href":"https:\/\/sultantourism.com\/fr\/wp-json\/wp\/v2\/product_tag?post=23726"}],"curies":[{"name":"wp","href":"https:\/\/api.w.org\/{rel}","templated":true}]}}